{"id":1291,"date":"2021-01-08T16:04:11","date_gmt":"2021-01-08T15:04:11","guid":{"rendered":"https:\/\/soon-grill.com\/champs-elysees\/?page_id=1291"},"modified":"2021-02-23T12:54:14","modified_gmt":"2021-02-23T11:54:14","slug":"panier","status":"publish","type":"page","link":"https:\/\/soon-grill.com\/champs-elysees\/panier\/","title":{"rendered":"Panier &#8211; Champs-\u00e9lys\u00e9es"},"content":{"rendered":"<p>[vc_row][vc_column width=\u00a0\u00bb5\/6&Prime;][vc_empty_space][vc_text_separator title=\u00a0\u00bbVotre point de retrait : 10 Rue de commandant Rivi\u00e8re 75008 PAIRS\u00a0\u00bb i_icon_fontawesome=\u00a0\u00bbfa fa-exclamation-triangle\u00a0\u00bb i_color=\u00a0\u00bbcustom\u00a0\u00bb i_size=\u00a0\u00bbsm\u00a0\u00bb add_icon=\u00a0\u00bbtrue\u00a0\u00bb i_custom_color=\u00a0\u00bb#dd3333&Prime;][vc_column_text]<\/p>\n<h6 style=\"text-align: center;\"><a href=\"http:\/\/soon-grill.com\/marais\/precommande-en-ligne\/\">\u2192 Pr\u00e9commander et retirer a<\/a>u marais<\/h6>\n<p>[\/vc_column_text][vc_empty_space][\/vc_column][vc_column width=\u00a0\u00bb1\/6&Prime;][vc_widget_sidebar sidebar_id=\u00a0\u00bbwoocommerce-sidebar\u00a0\u00bb][\/vc_column][\/vc_row][vc_row][vc_column width=\u00a0\u00bb5\/6&Prime;][\/vc_column][vc_column width=\u00a0\u00bb1\/6&Prime;][\/vc_column][\/vc_row]<\/p>\n","protected":false},"excerpt":{"rendered":"<p>[vc_row][vc_column width=\u00a0\u00bb5\/6&Prime;][vc_empty_space][vc_text_separator title=\u00a0\u00bbVotre point de retrait : 10 Rue de commandant Rivi\u00e8re 75008 PAIRS\u00a0\u00bb i_icon_fontawesome=\u00a0\u00bbfa fa-exclamation-triangle\u00a0\u00bb i_color=\u00a0\u00bbcustom\u00a0\u00bb i_size=\u00a0\u00bbsm\u00a0\u00bb add_icon=\u00a0\u00bbtrue\u00a0\u00bb i_custom_color=\u00a0\u00bb#dd3333&Prime;][vc_column_text] \u2192 Pr\u00e9commander et retirer au marais [\/vc_column_text][vc_empty_space][\/vc_column][vc_column width=\u00a0\u00bb1\/6&Prime;][vc_widget_sidebar sidebar_id=\u00a0\u00bbwoocommerce-sidebar\u00a0\u00bb][\/vc_column][\/vc_row][vc_row][vc_column width=\u00a0\u00bb5\/6&Prime;][\/vc_column][vc_column width=\u00a0\u00bb1\/6&Prime;][\/vc_column][\/vc_row]<\/p>\n","protected":false},"author":1,"featured_media":0,"parent":0,"menu_order":0,"comment_status":"closed","ping_status":"closed","template":"","meta":[],"yoast_head":"<!-- This site is optimized with the Yoast SEO plugin v18.1 - https:\/\/yoast.com\/wordpress\/plugins\/seo\/ -->\n<title>Panier - Champs-\u00e9lys\u00e9es - Soon Grill Champs Elys\u00e9es<\/title>\n<meta name=\"robots\" content=\"index, follow, max-snippet:-1, max-image-preview:large, max-video-preview:-1\" \/>\n<link rel=\"canonical\" href=\"https:\/\/soon-grill.com\/champs-elysees\/panier\/\" \/>\n<meta property=\"og:locale\" content=\"fr_FR\" \/>\n<meta property=\"og:type\" content=\"article\" \/>\n<meta property=\"og:title\" content=\"Panier - Champs-\u00e9lys\u00e9es - Soon Grill Champs Elys\u00e9es\" \/>\n<meta property=\"og:description\" content=\"[vc_row][vc_column width=\u00a0\u00bb5\/6&Prime;][vc_empty_space][vc_text_separator title=\u00a0\u00bbVotre point de retrait : 10 Rue de commandant Rivi\u00e8re 75008 PAIRS\u00a0\u00bb i_icon_fontawesome=\u00a0\u00bbfa fa-exclamation-triangle\u00a0\u00bb i_color=\u00a0\u00bbcustom\u00a0\u00bb i_size=\u00a0\u00bbsm\u00a0\u00bb add_icon=\u00a0\u00bbtrue\u00a0\u00bb i_custom_color=\u00a0\u00bb#dd3333&Prime;][vc_column_text] \u2192 Pr\u00e9commander et retirer au marais [\/vc_column_text][vc_empty_space][\/vc_column][vc_column width=\u00a0\u00bb1\/6&Prime;][vc_widget_sidebar sidebar_id=\u00a0\u00bbwoocommerce-sidebar\u00a0\u00bb][\/vc_column][\/vc_row][vc_row][vc_column width=\u00a0\u00bb5\/6&Prime;][\/vc_column][vc_column width=\u00a0\u00bb1\/6&Prime;][\/vc_column][\/vc_row]\" \/>\n<meta property=\"og:url\" content=\"https:\/\/soon-grill.com\/champs-elysees\/panier\/\" \/>\n<meta property=\"og:site_name\" content=\"Soon Grill Champs Elys\u00e9es\" \/>\n<meta property=\"article:modified_time\" content=\"2021-02-23T11:54:14+00:00\" \/>\n<meta name=\"twitter:card\" content=\"summary_large_image\" \/>\n<meta name=\"twitter:label1\" content=\"Dur\u00e9e de lecture estim\u00e9e\" \/>\n\t<meta name=\"twitter:data1\" content=\"1 minute\" \/>\n<script type=\"application\/ld+json\" class=\"yoast-schema-graph\">{\"@context\":\"https:\/\/schema.org\",\"@graph\":[{\"@type\":\"WebSite\",\"@id\":\"https:\/\/soon-grill.com\/champs-elysees\/#website\",\"url\":\"https:\/\/soon-grill.com\/champs-elysees\/\",\"name\":\"Soon Grill Champs Elys\u00e9es\",\"description\":\"Un site utilisant Multisite Soon Grill\",\"potentialAction\":[{\"@type\":\"SearchAction\",\"target\":{\"@type\":\"EntryPoint\",\"urlTemplate\":\"https:\/\/soon-grill.com\/champs-elysees\/?s={search_term_string}\"},\"query-input\":\"required name=search_term_string\"}],\"inLanguage\":\"fr-FR\"},{\"@type\":\"WebPage\",\"@id\":\"https:\/\/soon-grill.com\/champs-elysees\/panier\/#webpage\",\"url\":\"https:\/\/soon-grill.com\/champs-elysees\/panier\/\",\"name\":\"Panier - Champs-\u00e9lys\u00e9es - Soon Grill Champs Elys\u00e9es\",\"isPartOf\":{\"@id\":\"https:\/\/soon-grill.com\/champs-elysees\/#website\"},\"datePublished\":\"2021-01-08T15:04:11+00:00\",\"dateModified\":\"2021-02-23T11:54:14+00:00\",\"breadcrumb\":{\"@id\":\"https:\/\/soon-grill.com\/champs-elysees\/panier\/#breadcrumb\"},\"inLanguage\":\"fr-FR\",\"potentialAction\":[{\"@type\":\"ReadAction\",\"target\":[\"https:\/\/soon-grill.com\/champs-elysees\/panier\/\"]}]},{\"@type\":\"BreadcrumbList\",\"@id\":\"https:\/\/soon-grill.com\/champs-elysees\/panier\/#breadcrumb\",\"itemListElement\":[{\"@type\":\"ListItem\",\"position\":1,\"name\":\"Accueil\",\"item\":\"https:\/\/soon-grill.com\/champs-elysees\/\"},{\"@type\":\"ListItem\",\"position\":2,\"name\":\"Panier &#8211; Champs-\u00e9lys\u00e9es\"}]}]}<\/script>\n<!-- \/ Yoast SEO plugin. -->","yoast_head_json":{"title":"Panier - Champs-\u00e9lys\u00e9es - Soon Grill Champs Elys\u00e9es","robots":{"index":"index","follow":"follow","max-snippet":"max-snippet:-1","max-image-preview":"max-image-preview:large","max-video-preview":"max-video-preview:-1"},"canonical":"https:\/\/soon-grill.com\/champs-elysees\/panier\/","og_locale":"fr_FR","og_type":"article","og_title":"Panier - Champs-\u00e9lys\u00e9es - Soon Grill Champs Elys\u00e9es","og_description":"[vc_row][vc_column width=\u00a0\u00bb5\/6&Prime;][vc_empty_space][vc_text_separator title=\u00a0\u00bbVotre point de retrait : 10 Rue de commandant Rivi\u00e8re 75008 PAIRS\u00a0\u00bb i_icon_fontawesome=\u00a0\u00bbfa fa-exclamation-triangle\u00a0\u00bb i_color=\u00a0\u00bbcustom\u00a0\u00bb i_size=\u00a0\u00bbsm\u00a0\u00bb add_icon=\u00a0\u00bbtrue\u00a0\u00bb i_custom_color=\u00a0\u00bb#dd3333&Prime;][vc_column_text] \u2192 Pr\u00e9commander et retirer au marais [\/vc_column_text][vc_empty_space][\/vc_column][vc_column width=\u00a0\u00bb1\/6&Prime;][vc_widget_sidebar sidebar_id=\u00a0\u00bbwoocommerce-sidebar\u00a0\u00bb][\/vc_column][\/vc_row][vc_row][vc_column width=\u00a0\u00bb5\/6&Prime;][\/vc_column][vc_column width=\u00a0\u00bb1\/6&Prime;][\/vc_column][\/vc_row]","og_url":"https:\/\/soon-grill.com\/champs-elysees\/panier\/","og_site_name":"Soon Grill Champs Elys\u00e9es","article_modified_time":"2021-02-23T11:54:14+00:00","twitter_card":"summary_large_image","twitter_misc":{"Dur\u00e9e de lecture estim\u00e9e":"1 minute"},"schema":{"@context":"https:\/\/schema.org","@graph":[{"@type":"WebSite","@id":"https:\/\/soon-grill.com\/champs-elysees\/#website","url":"https:\/\/soon-grill.com\/champs-elysees\/","name":"Soon Grill Champs Elys\u00e9es","description":"Un site utilisant Multisite Soon Grill","potentialAction":[{"@type":"SearchAction","target":{"@type":"EntryPoint","urlTemplate":"https:\/\/soon-grill.com\/champs-elysees\/?s={search_term_string}"},"query-input":"required name=search_term_string"}],"inLanguage":"fr-FR"},{"@type":"WebPage","@id":"https:\/\/soon-grill.com\/champs-elysees\/panier\/#webpage","url":"https:\/\/soon-grill.com\/champs-elysees\/panier\/","name":"Panier - Champs-\u00e9lys\u00e9es - Soon Grill Champs Elys\u00e9es","isPartOf":{"@id":"https:\/\/soon-grill.com\/champs-elysees\/#website"},"datePublished":"2021-01-08T15:04:11+00:00","dateModified":"2021-02-23T11:54:14+00:00","breadcrumb":{"@id":"https:\/\/soon-grill.com\/champs-elysees\/panier\/#breadcrumb"},"inLanguage":"fr-FR","potentialAction":[{"@type":"ReadAction","target":["https:\/\/soon-grill.com\/champs-elysees\/panier\/"]}]},{"@type":"BreadcrumbList","@id":"https:\/\/soon-grill.com\/champs-elysees\/panier\/#breadcrumb","itemListElement":[{"@type":"ListItem","position":1,"name":"Accueil","item":"https:\/\/soon-grill.com\/champs-elysees\/"},{"@type":"ListItem","position":2,"name":"Panier &#8211; Champs-\u00e9lys\u00e9es"}]}]}},"_links":{"self":[{"href":"https:\/\/soon-grill.com\/champs-elysees\/wp-json\/wp\/v2\/pages\/1291"}],"collection":[{"href":"https:\/\/soon-grill.com\/champs-elysees\/wp-json\/wp\/v2\/pages"}],"about":[{"href":"https:\/\/soon-grill.com\/champs-elysees\/wp-json\/wp\/v2\/types\/page"}],"author":[{"embeddable":true,"href":"https:\/\/soon-grill.com\/champs-elysees\/wp-json\/wp\/v2\/users\/1"}],"replies":[{"embeddable":true,"href":"https:\/\/soon-grill.com\/champs-elysees\/wp-json\/wp\/v2\/comments?post=1291"}],"version-history":[{"count":5,"href":"https:\/\/soon-grill.com\/champs-elysees\/wp-json\/wp\/v2\/pages\/1291\/revisions"}],"predecessor-version":[{"id":2834,"href":"https:\/\/soon-grill.com\/champs-elysees\/wp-json\/wp\/v2\/pages\/1291\/revisions\/2834"}],"wp:attachment":[{"href":"https:\/\/soon-grill.com\/champs-elysees\/wp-json\/wp\/v2\/media?parent=1291"}],"curies":[{"name":"wp","href":"https:\/\/api.w.org\/{rel}","templated":true}]}}