{"id":2846,"date":"2021-02-24T00:46:15","date_gmt":"2021-02-23T23:46:15","guid":{"rendered":"https:\/\/soon-grill.com\/champs-elysees\/?page_id=2846"},"modified":"2021-05-17T10:51:30","modified_gmt":"2021-05-17T08:51:30","slug":"menu-bulbeak","status":"publish","type":"page","link":"https:\/\/soon-grill.com\/champs-elysees\/precommande-en-ligne\/menu-bulbeak\/","title":{"rendered":"Menu Bulbeak"},"content":{"rendered":"<p>[vc_section full_width=\u00a0\u00bbstretch_row\u00a0\u00bb css=\u00a0\u00bb.vc_custom_1594667557050{background-image: url(https:\/\/soon-grill.com\/marais\/wp-content\/uploads\/sites\/2\/2020\/01\/reservation.jpg?id=124) !important;}\u00a0\u00bb][vc_row][vc_column][vc_empty_space height=\u00a0\u00bb50px\u00a0\u00bb][vc_column_text]<\/p>\n<h2 style=\"text-align: center; font-family: Futura Medium; font-size: 1em;\">SOON GRILL CHAMPS-ELYS\u00c9ES &#8211; PR\u00c9COMMANDE EN LIGNE<\/h2>\n<p>[\/vc_column_text][vc_column_text]<\/p>\n<h1 style=\"text-align: center; font-size: 3em; text-transform: capitalize; letter-spacing: 0.1em;\">Menus Bulbeaks<\/h1>\n<p>[\/vc_column_text][vc_empty_space height=\u00a0\u00bb30px\u00a0\u00bb][vc_column_text]<\/p>\n<p style=\"text-align: center;\">Pr\u00e9commandez en ligne\u00a0et venez la retirer dans l&rsquo;un de nos restaurants.<\/p>\n<p>&nbsp;<\/p>\n<div class=\"woocommerce columns-4 \"><ul class=\"products columns-4\">\n<li class=\"post-2839 product type-product status-publish hentry product_cat-bulbeak product_cat-precommande\">\n\t<div class=\"eltdf-pl-inner\"><div class=\"eltdf-pl-image\"><div class=\"eltdf-pl-text\"><div class=\"eltdf-pl-text-outer\"><div class=\"eltdf-pl-text-inner\"><a href=\"?add-to-cart=2839\" data-quantity=\"1\" class=\"button product_type_simple add_to_cart_button ajax_add_to_cart\" data-product_id=\"2839\" data-product_sku=\"\" aria-label=\"Ajouter &ldquo;Menu B\u0153uf marin\u00e9 \u00e0 la sauce soja&rdquo; \u00e0 votre panier\" rel=\"nofollow\">Ajouter au panier<\/a><\/div><\/div><\/div><\/div><a href=\"https:\/\/soon-grill.com\/champs-elysees\/produit\/menu-boeuf-marine-a-la-sauce-soja\/\" class=\"woocommerce-LoopProduct-link woocommerce-loop-product__link\"><\/a><\/div><div class=\"eltdf-pl-text-wrapper\"><h5 class=\"eltdf-product-list-title\"><a href=\"https:\/\/soon-grill.com\/champs-elysees\/produit\/menu-boeuf-marine-a-la-sauce-soja\/\">Menu B\u0153uf marin\u00e9 \u00e0 la sauce soja<\/a><\/h5>\n\t<span class=\"price\"><del aria-hidden=\"true\"><span class=\"woocommerce-Price-amount amount\"><bdi>17,00<span class=\"woocommerce-Price-currencySymbol\">&euro;<\/span><\/bdi><\/span><\/del> <ins><span class=\"woocommerce-Price-amount amount\"><bdi>15,30<span class=\"woocommerce-Price-currencySymbol\">&euro;<\/span><\/bdi><\/span><\/ins><\/span>\n<\/div><\/li><li class=\"post-2840 product type-product status-publish hentry product_cat-bulbeak product_cat-precommande\">\n\t<div class=\"eltdf-pl-inner\"><div class=\"eltdf-pl-image\"><div class=\"eltdf-pl-text\"><div class=\"eltdf-pl-text-outer\"><div class=\"eltdf-pl-text-inner\"><a href=\"?add-to-cart=2840\" data-quantity=\"1\" class=\"button product_type_simple add_to_cart_button ajax_add_to_cart\" data-product_id=\"2840\" data-product_sku=\"\" aria-label=\"Ajouter &ldquo;Menu Porc saut\u00e9 \u00e0 la sauce piquante&rdquo; \u00e0 votre panier\" rel=\"nofollow\">Ajouter au panier<\/a><\/div><\/div><\/div><\/div><a href=\"https:\/\/soon-grill.com\/champs-elysees\/produit\/menu-porc-saute-a-la-sauce-piquante\/\" class=\"woocommerce-LoopProduct-link woocommerce-loop-product__link\"><\/a><\/div><div class=\"eltdf-pl-text-wrapper\"><h5 class=\"eltdf-product-list-title\"><a href=\"https:\/\/soon-grill.com\/champs-elysees\/produit\/menu-porc-saute-a-la-sauce-piquante\/\">Menu Porc saut\u00e9 \u00e0 la sauce piquante<\/a><\/h5>\n\t<span class=\"price\"><del aria-hidden=\"true\"><span class=\"woocommerce-Price-amount amount\"><bdi>17,00<span class=\"woocommerce-Price-currencySymbol\">&euro;<\/span><\/bdi><\/span><\/del> <ins><span class=\"woocommerce-Price-amount amount\"><bdi>15,30<span class=\"woocommerce-Price-currencySymbol\">&euro;<\/span><\/bdi><\/span><\/ins><\/span>\n<\/div><\/li><li class=\"post-2841 product type-product status-publish hentry product_cat-bulbeak product_cat-precommande\">\n\t<div class=\"eltdf-pl-inner\"><div class=\"eltdf-pl-image\"><div class=\"eltdf-pl-text\"><div class=\"eltdf-pl-text-outer\"><div class=\"eltdf-pl-text-inner\"><a href=\"?add-to-cart=2841\" data-quantity=\"1\" class=\"button product_type_simple add_to_cart_button ajax_add_to_cart\" data-product_id=\"2841\" data-product_sku=\"\" aria-label=\"Ajouter &ldquo;Menu Poulet saut\u00e9 \u00e0 la sauce piquante&rdquo; \u00e0 votre panier\" rel=\"nofollow\">Ajouter au panier<\/a><\/div><\/div><\/div><\/div><a href=\"https:\/\/soon-grill.com\/champs-elysees\/produit\/menu-poulet-saute-a-la-sauce-piquante\/\" class=\"woocommerce-LoopProduct-link woocommerce-loop-product__link\"><\/a><\/div><div class=\"eltdf-pl-text-wrapper\"><h5 class=\"eltdf-product-list-title\"><a href=\"https:\/\/soon-grill.com\/champs-elysees\/produit\/menu-poulet-saute-a-la-sauce-piquante\/\">Menu Poulet saut\u00e9 \u00e0 la sauce piquante<\/a><\/h5>\n\t<span class=\"price\"><del aria-hidden=\"true\"><span class=\"woocommerce-Price-amount amount\"><bdi>17,00<span class=\"woocommerce-Price-currencySymbol\">&euro;<\/span><\/bdi><\/span><\/del> <ins><span class=\"woocommerce-Price-amount amount\"><bdi>15,30<span class=\"woocommerce-Price-currencySymbol\">&euro;<\/span><\/bdi><\/span><\/ins><\/span>\n<\/div><\/li><\/ul>\n<\/div>[\/vc_column_text][vc_empty_space height=\u00a0\u00bb50px\u00a0\u00bb][\/vc_column][\/vc_row][\/vc_section]<\/p>\n","protected":false},"excerpt":{"rendered":"<p>[vc_section full_width=\u00a0\u00bbstretch_row\u00a0\u00bb css=\u00a0\u00bb.vc_custom_1594667557050{background-image: url(https:\/\/soon-grill.com\/marais\/wp-content\/uploads\/sites\/2\/2020\/01\/reservation.jpg?id=124) !important;}\u00a0\u00bb][vc_row][vc_column][vc_empty_space height=\u00a0\u00bb50px\u00a0\u00bb][vc_column_text] SOON GRILL CHAMPS-ELYS\u00c9ES &#8211; PR\u00c9COMMANDE EN LIGNE [\/vc_column_text][vc_column_text] Menus Bulbeaks [\/vc_column_text][vc_empty_space height=\u00a0\u00bb30px\u00a0\u00bb][vc_column_text] Pr\u00e9commandez en ligne\u00a0et venez la retirer dans l&rsquo;un de nos restaurants. &nbsp; [\/vc_column_text][vc_empty_space height=\u00a0\u00bb50px\u00a0\u00bb][\/vc_column][\/vc_row][\/vc_section]<\/p>\n","protected":false},"author":1,"featured_media":0,"parent":2513,"menu_order":0,"comment_status":"closed","ping_status":"closed","template":"","meta":[],"yoast_head":"<!-- This site is optimized with the Yoast SEO plugin v18.1 - https:\/\/yoast.com\/wordpress\/plugins\/seo\/ -->\n<title>Menu Bulbeak - Soon Grill Champs Elys\u00e9es<\/title>\n<meta name=\"robots\" content=\"index, follow, max-snippet:-1, max-image-preview:large, max-video-preview:-1\" \/>\n<link rel=\"canonical\" href=\"https:\/\/soon-grill.com\/champs-elysees\/precommande-en-ligne\/menu-bulbeak\/\" \/>\n<meta property=\"og:locale\" content=\"fr_FR\" \/>\n<meta property=\"og:type\" content=\"article\" \/>\n<meta property=\"og:title\" content=\"Menu Bulbeak - Soon Grill Champs Elys\u00e9es\" \/>\n<meta property=\"og:description\" content=\"[vc_section full_width=\u00a0\u00bbstretch_row\u00a0\u00bb css=\u00a0\u00bb.vc_custom_1594667557050{background-image: url(https:\/\/soon-grill.com\/marais\/wp-content\/uploads\/sites\/2\/2020\/01\/reservation.jpg?id=124) !important;}\u00a0\u00bb][vc_row][vc_column][vc_empty_space height=\u00a0\u00bb50px\u00a0\u00bb][vc_column_text] SOON GRILL CHAMPS-ELYS\u00c9ES &#8211; PR\u00c9COMMANDE EN LIGNE [\/vc_column_text][vc_column_text] Menus Bulbeaks [\/vc_column_text][vc_empty_space height=\u00a0\u00bb30px\u00a0\u00bb][vc_column_text] Pr\u00e9commandez en ligne\u00a0et venez la retirer dans l&rsquo;un de nos restaurants. &nbsp; [\/vc_column_text][vc_empty_space height=\u00a0\u00bb50px\u00a0\u00bb][\/vc_column][\/vc_row][\/vc_section]\" \/>\n<meta property=\"og:url\" content=\"https:\/\/soon-grill.com\/champs-elysees\/precommande-en-ligne\/menu-bulbeak\/\" \/>\n<meta property=\"og:site_name\" content=\"Soon Grill Champs Elys\u00e9es\" \/>\n<meta property=\"article:modified_time\" content=\"2021-05-17T08:51:30+00:00\" \/>\n<meta name=\"twitter:card\" content=\"summary_large_image\" \/>\n<meta name=\"twitter:label1\" content=\"Dur\u00e9e de lecture estim\u00e9e\" \/>\n\t<meta name=\"twitter:data1\" content=\"1 minute\" \/>\n<script type=\"application\/ld+json\" class=\"yoast-schema-graph\">{\"@context\":\"https:\/\/schema.org\",\"@graph\":[{\"@type\":\"WebSite\",\"@id\":\"https:\/\/soon-grill.com\/champs-elysees\/#website\",\"url\":\"https:\/\/soon-grill.com\/champs-elysees\/\",\"name\":\"Soon Grill Champs Elys\u00e9es\",\"description\":\"Un site utilisant Multisite Soon Grill\",\"potentialAction\":[{\"@type\":\"SearchAction\",\"target\":{\"@type\":\"EntryPoint\",\"urlTemplate\":\"https:\/\/soon-grill.com\/champs-elysees\/?s={search_term_string}\"},\"query-input\":\"required name=search_term_string\"}],\"inLanguage\":\"fr-FR\"},{\"@type\":\"WebPage\",\"@id\":\"https:\/\/soon-grill.com\/champs-elysees\/precommande-en-ligne\/menu-bulbeak\/#webpage\",\"url\":\"https:\/\/soon-grill.com\/champs-elysees\/precommande-en-ligne\/menu-bulbeak\/\",\"name\":\"Menu Bulbeak - Soon Grill Champs Elys\u00e9es\",\"isPartOf\":{\"@id\":\"https:\/\/soon-grill.com\/champs-elysees\/#website\"},\"datePublished\":\"2021-02-23T23:46:15+00:00\",\"dateModified\":\"2021-05-17T08:51:30+00:00\",\"breadcrumb\":{\"@id\":\"https:\/\/soon-grill.com\/champs-elysees\/precommande-en-ligne\/menu-bulbeak\/#breadcrumb\"},\"inLanguage\":\"fr-FR\",\"potentialAction\":[{\"@type\":\"ReadAction\",\"target\":[\"https:\/\/soon-grill.com\/champs-elysees\/precommande-en-ligne\/menu-bulbeak\/\"]}]},{\"@type\":\"BreadcrumbList\",\"@id\":\"https:\/\/soon-grill.com\/champs-elysees\/precommande-en-ligne\/menu-bulbeak\/#breadcrumb\",\"itemListElement\":[{\"@type\":\"ListItem\",\"position\":1,\"name\":\"Accueil\",\"item\":\"https:\/\/soon-grill.com\/champs-elysees\/\"},{\"@type\":\"ListItem\",\"position\":2,\"name\":\"Pr\u00e9commande en ligne\",\"item\":\"https:\/\/soon-grill.com\/champs-elysees\/precommande-en-ligne\/\"},{\"@type\":\"ListItem\",\"position\":3,\"name\":\"Menu Bulbeak\"}]}]}<\/script>\n<!-- \/ Yoast SEO plugin. -->","yoast_head_json":{"title":"Menu Bulbeak - Soon Grill Champs Elys\u00e9es","robots":{"index":"index","follow":"follow","max-snippet":"max-snippet:-1","max-image-preview":"max-image-preview:large","max-video-preview":"max-video-preview:-1"},"canonical":"https:\/\/soon-grill.com\/champs-elysees\/precommande-en-ligne\/menu-bulbeak\/","og_locale":"fr_FR","og_type":"article","og_title":"Menu Bulbeak - Soon Grill Champs Elys\u00e9es","og_description":"[vc_section full_width=\u00a0\u00bbstretch_row\u00a0\u00bb css=\u00a0\u00bb.vc_custom_1594667557050{background-image: url(https:\/\/soon-grill.com\/marais\/wp-content\/uploads\/sites\/2\/2020\/01\/reservation.jpg?id=124) !important;}\u00a0\u00bb][vc_row][vc_column][vc_empty_space height=\u00a0\u00bb50px\u00a0\u00bb][vc_column_text] SOON GRILL CHAMPS-ELYS\u00c9ES &#8211; PR\u00c9COMMANDE EN LIGNE [\/vc_column_text][vc_column_text] Menus Bulbeaks [\/vc_column_text][vc_empty_space height=\u00a0\u00bb30px\u00a0\u00bb][vc_column_text] Pr\u00e9commandez en ligne\u00a0et venez la retirer dans l&rsquo;un de nos restaurants. &nbsp; [\/vc_column_text][vc_empty_space height=\u00a0\u00bb50px\u00a0\u00bb][\/vc_column][\/vc_row][\/vc_section]","og_url":"https:\/\/soon-grill.com\/champs-elysees\/precommande-en-ligne\/menu-bulbeak\/","og_site_name":"Soon Grill Champs Elys\u00e9es","article_modified_time":"2021-05-17T08:51:30+00:00","twitter_card":"summary_large_image","twitter_misc":{"Dur\u00e9e de lecture estim\u00e9e":"1 minute"},"schema":{"@context":"https:\/\/schema.org","@graph":[{"@type":"WebSite","@id":"https:\/\/soon-grill.com\/champs-elysees\/#website","url":"https:\/\/soon-grill.com\/champs-elysees\/","name":"Soon Grill Champs Elys\u00e9es","description":"Un site utilisant Multisite Soon Grill","potentialAction":[{"@type":"SearchAction","target":{"@type":"EntryPoint","urlTemplate":"https:\/\/soon-grill.com\/champs-elysees\/?s={search_term_string}"},"query-input":"required name=search_term_string"}],"inLanguage":"fr-FR"},{"@type":"WebPage","@id":"https:\/\/soon-grill.com\/champs-elysees\/precommande-en-ligne\/menu-bulbeak\/#webpage","url":"https:\/\/soon-grill.com\/champs-elysees\/precommande-en-ligne\/menu-bulbeak\/","name":"Menu Bulbeak - Soon Grill Champs Elys\u00e9es","isPartOf":{"@id":"https:\/\/soon-grill.com\/champs-elysees\/#website"},"datePublished":"2021-02-23T23:46:15+00:00","dateModified":"2021-05-17T08:51:30+00:00","breadcrumb":{"@id":"https:\/\/soon-grill.com\/champs-elysees\/precommande-en-ligne\/menu-bulbeak\/#breadcrumb"},"inLanguage":"fr-FR","potentialAction":[{"@type":"ReadAction","target":["https:\/\/soon-grill.com\/champs-elysees\/precommande-en-ligne\/menu-bulbeak\/"]}]},{"@type":"BreadcrumbList","@id":"https:\/\/soon-grill.com\/champs-elysees\/precommande-en-ligne\/menu-bulbeak\/#breadcrumb","itemListElement":[{"@type":"ListItem","position":1,"name":"Accueil","item":"https:\/\/soon-grill.com\/champs-elysees\/"},{"@type":"ListItem","position":2,"name":"Pr\u00e9commande en ligne","item":"https:\/\/soon-grill.com\/champs-elysees\/precommande-en-ligne\/"},{"@type":"ListItem","position":3,"name":"Menu Bulbeak"}]}]}},"_links":{"self":[{"href":"https:\/\/soon-grill.com\/champs-elysees\/wp-json\/wp\/v2\/pages\/2846"}],"collection":[{"href":"https:\/\/soon-grill.com\/champs-elysees\/wp-json\/wp\/v2\/pages"}],"about":[{"href":"https:\/\/soon-grill.com\/champs-elysees\/wp-json\/wp\/v2\/types\/page"}],"author":[{"embeddable":true,"href":"https:\/\/soon-grill.com\/champs-elysees\/wp-json\/wp\/v2\/users\/1"}],"replies":[{"embeddable":true,"href":"https:\/\/soon-grill.com\/champs-elysees\/wp-json\/wp\/v2\/comments?post=2846"}],"version-history":[{"count":1,"href":"https:\/\/soon-grill.com\/champs-elysees\/wp-json\/wp\/v2\/pages\/2846\/revisions"}],"predecessor-version":[{"id":2847,"href":"https:\/\/soon-grill.com\/champs-elysees\/wp-json\/wp\/v2\/pages\/2846\/revisions\/2847"}],"up":[{"embeddable":true,"href":"https:\/\/soon-grill.com\/champs-elysees\/wp-json\/wp\/v2\/pages\/2513"}],"wp:attachment":[{"href":"https:\/\/soon-grill.com\/champs-elysees\/wp-json\/wp\/v2\/media?parent=2846"}],"curies":[{"name":"wp","href":"https:\/\/api.w.org\/{rel}","templated":true}]}}