{"id":2911,"date":"2021-05-17T10:50:33","date_gmt":"2021-05-17T08:50:33","guid":{"rendered":"https:\/\/soon-grill.com\/champs-elysees\/?page_id=2911"},"modified":"2021-05-17T10:52:07","modified_gmt":"2021-05-17T08:52:07","slug":"desserts","status":"publish","type":"page","link":"https:\/\/soon-grill.com\/champs-elysees\/precommande-en-ligne\/desserts\/","title":{"rendered":"Desserts"},"content":{"rendered":"<p>[vc_section full_width=\u00a0\u00bbstretch_row\u00a0\u00bb css=\u00a0\u00bb.vc_custom_1594667557050{background-image: url(https:\/\/soon-grill.com\/marais\/wp-content\/uploads\/sites\/2\/2020\/01\/reservation.jpg?id=124) !important;}\u00a0\u00bb][vc_row][vc_column][vc_empty_space height=\u00a0\u00bb50px\u00a0\u00bb][vc_column_text]<\/p>\n<h2 style=\"text-align: center; font-family: Futura Medium; font-size: 1em;\">SOON GRILL CHAMPS-ELYS\u00c9ES &#8211; PR\u00c9COMMANDE EN LIGNE<\/h2>\n<p>[\/vc_column_text][vc_column_text]<\/p>\n<h1 style=\"text-align: center; font-size: 3em; text-transform: capitalize; letter-spacing: 0.1em;\">Desserts<\/h1>\n<p>[\/vc_column_text][vc_empty_space height=\u00a0\u00bb30px\u00a0\u00bb][vc_column_text]<\/p>\n<p style=\"text-align: center;\">Pr\u00e9commandez en ligne\u00a0et venez la retirer dans l&rsquo;un de nos restaurants.<\/p>\n<p>&nbsp;<\/p>\n<div class=\"woocommerce columns-4 \"><\/div>[\/vc_column_text][vc_empty_space height=\u00a0\u00bb50px\u00a0\u00bb][\/vc_column][\/vc_row][\/vc_section]<\/p>\n","protected":false},"excerpt":{"rendered":"<p>[vc_section full_width=\u00a0\u00bbstretch_row\u00a0\u00bb css=\u00a0\u00bb.vc_custom_1594667557050{background-image: url(https:\/\/soon-grill.com\/marais\/wp-content\/uploads\/sites\/2\/2020\/01\/reservation.jpg?id=124) !important;}\u00a0\u00bb][vc_row][vc_column][vc_empty_space height=\u00a0\u00bb50px\u00a0\u00bb][vc_column_text] SOON GRILL CHAMPS-ELYS\u00c9ES &#8211; PR\u00c9COMMANDE EN LIGNE [\/vc_column_text][vc_column_text] Desserts [\/vc_column_text][vc_empty_space height=\u00a0\u00bb30px\u00a0\u00bb][vc_column_text] Pr\u00e9commandez en ligne\u00a0et venez la retirer dans l&rsquo;un de nos restaurants. &nbsp; [\/vc_column_text][vc_empty_space height=\u00a0\u00bb50px\u00a0\u00bb][\/vc_column][\/vc_row][\/vc_section]<\/p>\n","protected":false},"author":1,"featured_media":0,"parent":2513,"menu_order":0,"comment_status":"closed","ping_status":"closed","template":"","meta":[],"yoast_head":"<!-- This site is optimized with the Yoast SEO plugin v18.1 - https:\/\/yoast.com\/wordpress\/plugins\/seo\/ -->\n<title>Desserts - Soon Grill Champs Elys\u00e9es<\/title>\n<meta name=\"robots\" content=\"index, follow, max-snippet:-1, max-image-preview:large, max-video-preview:-1\" \/>\n<link rel=\"canonical\" href=\"https:\/\/soon-grill.com\/champs-elysees\/precommande-en-ligne\/desserts\/\" \/>\n<meta property=\"og:locale\" content=\"fr_FR\" \/>\n<meta property=\"og:type\" content=\"article\" \/>\n<meta property=\"og:title\" content=\"Desserts - Soon Grill Champs Elys\u00e9es\" \/>\n<meta property=\"og:description\" content=\"[vc_section full_width=\u00a0\u00bbstretch_row\u00a0\u00bb css=\u00a0\u00bb.vc_custom_1594667557050{background-image: url(https:\/\/soon-grill.com\/marais\/wp-content\/uploads\/sites\/2\/2020\/01\/reservation.jpg?id=124) !important;}\u00a0\u00bb][vc_row][vc_column][vc_empty_space height=\u00a0\u00bb50px\u00a0\u00bb][vc_column_text] SOON GRILL CHAMPS-ELYS\u00c9ES &#8211; PR\u00c9COMMANDE EN LIGNE [\/vc_column_text][vc_column_text] Desserts [\/vc_column_text][vc_empty_space height=\u00a0\u00bb30px\u00a0\u00bb][vc_column_text] Pr\u00e9commandez en ligne\u00a0et venez la retirer dans l&rsquo;un de nos restaurants. &nbsp; [\/vc_column_text][vc_empty_space height=\u00a0\u00bb50px\u00a0\u00bb][\/vc_column][\/vc_row][\/vc_section]\" \/>\n<meta property=\"og:url\" content=\"https:\/\/soon-grill.com\/champs-elysees\/precommande-en-ligne\/desserts\/\" \/>\n<meta property=\"og:site_name\" content=\"Soon Grill Champs Elys\u00e9es\" \/>\n<meta property=\"article:modified_time\" content=\"2021-05-17T08:52:07+00:00\" \/>\n<meta name=\"twitter:card\" content=\"summary_large_image\" \/>\n<meta name=\"twitter:label1\" content=\"Dur\u00e9e de lecture estim\u00e9e\" \/>\n\t<meta name=\"twitter:data1\" content=\"1 minute\" \/>\n<script type=\"application\/ld+json\" class=\"yoast-schema-graph\">{\"@context\":\"https:\/\/schema.org\",\"@graph\":[{\"@type\":\"WebSite\",\"@id\":\"https:\/\/soon-grill.com\/champs-elysees\/#website\",\"url\":\"https:\/\/soon-grill.com\/champs-elysees\/\",\"name\":\"Soon Grill Champs Elys\u00e9es\",\"description\":\"Un site utilisant Multisite Soon Grill\",\"potentialAction\":[{\"@type\":\"SearchAction\",\"target\":{\"@type\":\"EntryPoint\",\"urlTemplate\":\"https:\/\/soon-grill.com\/champs-elysees\/?s={search_term_string}\"},\"query-input\":\"required name=search_term_string\"}],\"inLanguage\":\"fr-FR\"},{\"@type\":\"WebPage\",\"@id\":\"https:\/\/soon-grill.com\/champs-elysees\/precommande-en-ligne\/desserts\/#webpage\",\"url\":\"https:\/\/soon-grill.com\/champs-elysees\/precommande-en-ligne\/desserts\/\",\"name\":\"Desserts - Soon Grill Champs Elys\u00e9es\",\"isPartOf\":{\"@id\":\"https:\/\/soon-grill.com\/champs-elysees\/#website\"},\"datePublished\":\"2021-05-17T08:50:33+00:00\",\"dateModified\":\"2021-05-17T08:52:07+00:00\",\"breadcrumb\":{\"@id\":\"https:\/\/soon-grill.com\/champs-elysees\/precommande-en-ligne\/desserts\/#breadcrumb\"},\"inLanguage\":\"fr-FR\",\"potentialAction\":[{\"@type\":\"ReadAction\",\"target\":[\"https:\/\/soon-grill.com\/champs-elysees\/precommande-en-ligne\/desserts\/\"]}]},{\"@type\":\"BreadcrumbList\",\"@id\":\"https:\/\/soon-grill.com\/champs-elysees\/precommande-en-ligne\/desserts\/#breadcrumb\",\"itemListElement\":[{\"@type\":\"ListItem\",\"position\":1,\"name\":\"Accueil\",\"item\":\"https:\/\/soon-grill.com\/champs-elysees\/\"},{\"@type\":\"ListItem\",\"position\":2,\"name\":\"Pr\u00e9commande en ligne\",\"item\":\"https:\/\/soon-grill.com\/champs-elysees\/precommande-en-ligne\/\"},{\"@type\":\"ListItem\",\"position\":3,\"name\":\"Desserts\"}]}]}<\/script>\n<!-- \/ Yoast SEO plugin. -->","yoast_head_json":{"title":"Desserts - Soon Grill Champs Elys\u00e9es","robots":{"index":"index","follow":"follow","max-snippet":"max-snippet:-1","max-image-preview":"max-image-preview:large","max-video-preview":"max-video-preview:-1"},"canonical":"https:\/\/soon-grill.com\/champs-elysees\/precommande-en-ligne\/desserts\/","og_locale":"fr_FR","og_type":"article","og_title":"Desserts - Soon Grill Champs Elys\u00e9es","og_description":"[vc_section full_width=\u00a0\u00bbstretch_row\u00a0\u00bb css=\u00a0\u00bb.vc_custom_1594667557050{background-image: url(https:\/\/soon-grill.com\/marais\/wp-content\/uploads\/sites\/2\/2020\/01\/reservation.jpg?id=124) !important;}\u00a0\u00bb][vc_row][vc_column][vc_empty_space height=\u00a0\u00bb50px\u00a0\u00bb][vc_column_text] SOON GRILL CHAMPS-ELYS\u00c9ES &#8211; PR\u00c9COMMANDE EN LIGNE [\/vc_column_text][vc_column_text] Desserts [\/vc_column_text][vc_empty_space height=\u00a0\u00bb30px\u00a0\u00bb][vc_column_text] Pr\u00e9commandez en ligne\u00a0et venez la retirer dans l&rsquo;un de nos restaurants. &nbsp; [\/vc_column_text][vc_empty_space height=\u00a0\u00bb50px\u00a0\u00bb][\/vc_column][\/vc_row][\/vc_section]","og_url":"https:\/\/soon-grill.com\/champs-elysees\/precommande-en-ligne\/desserts\/","og_site_name":"Soon Grill Champs Elys\u00e9es","article_modified_time":"2021-05-17T08:52:07+00:00","twitter_card":"summary_large_image","twitter_misc":{"Dur\u00e9e de lecture estim\u00e9e":"1 minute"},"schema":{"@context":"https:\/\/schema.org","@graph":[{"@type":"WebSite","@id":"https:\/\/soon-grill.com\/champs-elysees\/#website","url":"https:\/\/soon-grill.com\/champs-elysees\/","name":"Soon Grill Champs Elys\u00e9es","description":"Un site utilisant Multisite Soon Grill","potentialAction":[{"@type":"SearchAction","target":{"@type":"EntryPoint","urlTemplate":"https:\/\/soon-grill.com\/champs-elysees\/?s={search_term_string}"},"query-input":"required name=search_term_string"}],"inLanguage":"fr-FR"},{"@type":"WebPage","@id":"https:\/\/soon-grill.com\/champs-elysees\/precommande-en-ligne\/desserts\/#webpage","url":"https:\/\/soon-grill.com\/champs-elysees\/precommande-en-ligne\/desserts\/","name":"Desserts - Soon Grill Champs Elys\u00e9es","isPartOf":{"@id":"https:\/\/soon-grill.com\/champs-elysees\/#website"},"datePublished":"2021-05-17T08:50:33+00:00","dateModified":"2021-05-17T08:52:07+00:00","breadcrumb":{"@id":"https:\/\/soon-grill.com\/champs-elysees\/precommande-en-ligne\/desserts\/#breadcrumb"},"inLanguage":"fr-FR","potentialAction":[{"@type":"ReadAction","target":["https:\/\/soon-grill.com\/champs-elysees\/precommande-en-ligne\/desserts\/"]}]},{"@type":"BreadcrumbList","@id":"https:\/\/soon-grill.com\/champs-elysees\/precommande-en-ligne\/desserts\/#breadcrumb","itemListElement":[{"@type":"ListItem","position":1,"name":"Accueil","item":"https:\/\/soon-grill.com\/champs-elysees\/"},{"@type":"ListItem","position":2,"name":"Pr\u00e9commande en ligne","item":"https:\/\/soon-grill.com\/champs-elysees\/precommande-en-ligne\/"},{"@type":"ListItem","position":3,"name":"Desserts"}]}]}},"_links":{"self":[{"href":"https:\/\/soon-grill.com\/champs-elysees\/wp-json\/wp\/v2\/pages\/2911"}],"collection":[{"href":"https:\/\/soon-grill.com\/champs-elysees\/wp-json\/wp\/v2\/pages"}],"about":[{"href":"https:\/\/soon-grill.com\/champs-elysees\/wp-json\/wp\/v2\/types\/page"}],"author":[{"embeddable":true,"href":"https:\/\/soon-grill.com\/champs-elysees\/wp-json\/wp\/v2\/users\/1"}],"replies":[{"embeddable":true,"href":"https:\/\/soon-grill.com\/champs-elysees\/wp-json\/wp\/v2\/comments?post=2911"}],"version-history":[{"count":1,"href":"https:\/\/soon-grill.com\/champs-elysees\/wp-json\/wp\/v2\/pages\/2911\/revisions"}],"predecessor-version":[{"id":2912,"href":"https:\/\/soon-grill.com\/champs-elysees\/wp-json\/wp\/v2\/pages\/2911\/revisions\/2912"}],"up":[{"embeddable":true,"href":"https:\/\/soon-grill.com\/champs-elysees\/wp-json\/wp\/v2\/pages\/2513"}],"wp:attachment":[{"href":"https:\/\/soon-grill.com\/champs-elysees\/wp-json\/wp\/v2\/media?parent=2911"}],"curies":[{"name":"wp","href":"https:\/\/api.w.org\/{rel}","templated":true}]}}