{"id":7838,"date":"2023-02-07T16:41:29","date_gmt":"2023-02-07T15:41:29","guid":{"rendered":"https:\/\/soon-grill.com\/champs-elysees\/?page_id=7838"},"modified":"2024-02-08T16:47:15","modified_gmt":"2024-02-08T15:47:15","slug":"saint-valentin","status":"publish","type":"page","link":"https:\/\/soon-grill.com\/champs-elysees\/saint-valentin\/","title":{"rendered":"Saint-Valentin"},"content":{"rendered":"<p>[vc_row][vc_column][vc_column_text]<\/p>\n<h6 style=\"text-align: center;\">D\u00e9couvrez notre menu Saint valentin !<\/h6>\n<h6 style=\"text-align: center;\">Disponible uniquement au d\u00eener du 14 f\u00e9vrier 2024<\/h6>\n<p>[\/vc_column_text][vc_empty_space height=\u00a0\u00bb50px\u00a0\u00bb][vc_row_inner][vc_column_inner width=\u00a0\u00bb1\/2&Prime;][vc_single_image image=\u00a0\u00bb7991&Prime; img_size=\u00a0\u00bb300&#215;300&Prime;][vc_images_carousel images=\u00a0\u00bb7992,7993,7990&Prime; img_size=\u00a0\u00bb300&#215;300&Prime; onclick=\u00a0\u00bblink_no\u00a0\u00bb autoplay=\u00a0\u00bbyes\u00a0\u00bb][vc_single_image image=\u00a0\u00bb195&Prime; img_size=\u00a0\u00bb300&#215;300&Prime;][vc_single_image image=\u00a0\u00bb7994&Prime; img_size=\u00a0\u00bb300&#215;300&Prime;][\/vc_column_inner][vc_column_inner width=\u00a0\u00bb1\/2&Prime;][vc_single_image image=\u00a0\u00bb7995&Prime; img_size=\u00a0\u00bbfull\u00a0\u00bb alignment=\u00a0\u00bbcenter\u00a0\u00bb onclick=\u00a0\u00bbcustom_link\u00a0\u00bb img_link_target=\u00a0\u00bb_blank\u00a0\u00bb link=\u00a0\u00bbhttps:\/\/soon-grill.com\/champs-elysees\/wp-content\/uploads\/sites\/3\/2024\/02\/SG-CE-MENU-CARTE-SAINT-VALENTIN-2024.pdf\u00a0\u00bb][vc_btn title=\u00a0\u00bbR\u00e9servation\u00a0\u00bb color=\u00a0\u00bbjuicy-pink\u00a0\u00bb align=\u00a0\u00bbcenter\u00a0\u00bb button_block=\u00a0\u00bbtrue\u00a0\u00bb link=\u00a0\u00bburl:https%3A%2F%2Fsoon-grill.com%2Fchamps-elysees%2Freservation%2F|title:R%C3%A9servation|target:%20_blank|\u00a0\u00bb el_class=\u00a0\u00bbsoustexte\u00a0\u00bb][\/vc_column_inner][\/vc_row_inner][\/vc_column][\/vc_row][vc_row][vc_column][vc_empty_space height=\u00a0\u00bb50px\u00a0\u00bb][\/vc_column][\/vc_row]<\/p>\n","protected":false},"excerpt":{"rendered":"<p>[vc_row][vc_column][vc_column_text] D\u00e9couvrez notre menu Saint valentin ! Disponible uniquement au d\u00eener du 14 f\u00e9vrier 2024 [\/vc_column_text][vc_empty_space height=\u00a0\u00bb50px\u00a0\u00bb][vc_row_inner][vc_column_inner width=\u00a0\u00bb1\/2&Prime;][vc_single_image image=\u00a0\u00bb7991&Prime; img_size=\u00a0\u00bb300&#215;300&Prime;][vc_images_carousel images=\u00a0\u00bb7992,7993,7990&Prime; img_size=\u00a0\u00bb300&#215;300&Prime; onclick=\u00a0\u00bblink_no\u00a0\u00bb autoplay=\u00a0\u00bbyes\u00a0\u00bb][vc_single_image image=\u00a0\u00bb195&Prime; img_size=\u00a0\u00bb300&#215;300&Prime;][vc_single_image image=\u00a0\u00bb7994&Prime; img_size=\u00a0\u00bb300&#215;300&Prime;][\/vc_column_inner][vc_column_inner width=\u00a0\u00bb1\/2&Prime;][vc_single_image image=\u00a0\u00bb7995&Prime; img_size=\u00a0\u00bbfull\u00a0\u00bb alignment=\u00a0\u00bbcenter\u00a0\u00bb onclick=\u00a0\u00bbcustom_link\u00a0\u00bb img_link_target=\u00a0\u00bb_blank\u00a0\u00bb link=\u00a0\u00bbhttps:\/\/soon-grill.com\/champs-elysees\/wp-content\/uploads\/sites\/3\/2024\/02\/SG-CE-MENU-CARTE-SAINT-VALENTIN-2024.pdf\u00a0\u00bb][vc_btn title=\u00a0\u00bbR\u00e9servation\u00a0\u00bb color=\u00a0\u00bbjuicy-pink\u00a0\u00bb align=\u00a0\u00bbcenter\u00a0\u00bb button_block=\u00a0\u00bbtrue\u00a0\u00bb link=\u00a0\u00bburl:https%3A%2F%2Fsoon-grill.com%2Fchamps-elysees%2Freservation%2F|title:R%C3%A9servation|target:%20_blank|\u00a0\u00bb [&hellip;]<\/p>\n","protected":false},"author":1,"featured_media":0,"parent":0,"menu_order":0,"comment_status":"closed","ping_status":"closed","template":"","meta":[],"yoast_head":"<!-- This site is optimized with the Yoast SEO plugin v18.1 - https:\/\/yoast.com\/wordpress\/plugins\/seo\/ -->\n<title>D\u00eener Sp\u00e9cial Saint-Valentin - Soon Grill Champs Elys\u00e9es \/ Restaurant Cor\u00e9en<\/title>\n<meta name=\"description\" content=\"D\u00eener cor\u00e9en Saint-Valentin ! Disponible uniquement au d\u00eener du 14 f\u00e9vrier 2024. Cuisine cor\u00e9enne gastronimique.\" \/>\n<meta name=\"robots\" content=\"index, follow, max-snippet:-1, max-image-preview:large, max-video-preview:-1\" \/>\n<link rel=\"canonical\" href=\"https:\/\/soon-grill.com\/champs-elysees\/saint-valentin\/\" \/>\n<meta property=\"og:locale\" content=\"fr_FR\" \/>\n<meta property=\"og:type\" content=\"article\" \/>\n<meta property=\"og:title\" content=\"D\u00eener Sp\u00e9cial Saint-Valentin - Soon Grill Champs Elys\u00e9es \/ Restaurant Cor\u00e9en\" \/>\n<meta property=\"og:description\" content=\"D\u00eener cor\u00e9en Saint-Valentin ! Disponible uniquement au d\u00eener du 14 f\u00e9vrier 2024. Cuisine cor\u00e9enne gastronimique.\" \/>\n<meta property=\"og:url\" content=\"https:\/\/soon-grill.com\/champs-elysees\/saint-valentin\/\" \/>\n<meta property=\"og:site_name\" content=\"Soon Grill Champs Elys\u00e9es\" \/>\n<meta property=\"article:modified_time\" content=\"2024-02-08T15:47:15+00:00\" \/>\n<meta name=\"twitter:card\" content=\"summary_large_image\" \/>\n<meta name=\"twitter:label1\" content=\"Dur\u00e9e de lecture estim\u00e9e\" \/>\n\t<meta name=\"twitter:data1\" content=\"1 minute\" \/>\n<script type=\"application\/ld+json\" class=\"yoast-schema-graph\">{\"@context\":\"https:\/\/schema.org\",\"@graph\":[{\"@type\":\"WebSite\",\"@id\":\"https:\/\/soon-grill.com\/champs-elysees\/#website\",\"url\":\"https:\/\/soon-grill.com\/champs-elysees\/\",\"name\":\"Soon Grill Champs Elys\u00e9es\",\"description\":\"Un site utilisant Multisite Soon Grill\",\"potentialAction\":[{\"@type\":\"SearchAction\",\"target\":{\"@type\":\"EntryPoint\",\"urlTemplate\":\"https:\/\/soon-grill.com\/champs-elysees\/?s={search_term_string}\"},\"query-input\":\"required name=search_term_string\"}],\"inLanguage\":\"fr-FR\"},{\"@type\":\"WebPage\",\"@id\":\"https:\/\/soon-grill.com\/champs-elysees\/saint-valentin\/#webpage\",\"url\":\"https:\/\/soon-grill.com\/champs-elysees\/saint-valentin\/\",\"name\":\"D\u00eener Sp\u00e9cial Saint-Valentin - Soon Grill Champs Elys\u00e9es \/ Restaurant Cor\u00e9en\",\"isPartOf\":{\"@id\":\"https:\/\/soon-grill.com\/champs-elysees\/#website\"},\"datePublished\":\"2023-02-07T15:41:29+00:00\",\"dateModified\":\"2024-02-08T15:47:15+00:00\",\"description\":\"D\u00eener cor\u00e9en Saint-Valentin ! Disponible uniquement au d\u00eener du 14 f\u00e9vrier 2024. Cuisine cor\u00e9enne gastronimique.\",\"breadcrumb\":{\"@id\":\"https:\/\/soon-grill.com\/champs-elysees\/saint-valentin\/#breadcrumb\"},\"inLanguage\":\"fr-FR\",\"potentialAction\":[{\"@type\":\"ReadAction\",\"target\":[\"https:\/\/soon-grill.com\/champs-elysees\/saint-valentin\/\"]}]},{\"@type\":\"BreadcrumbList\",\"@id\":\"https:\/\/soon-grill.com\/champs-elysees\/saint-valentin\/#breadcrumb\",\"itemListElement\":[{\"@type\":\"ListItem\",\"position\":1,\"name\":\"Accueil\",\"item\":\"https:\/\/soon-grill.com\/champs-elysees\/\"},{\"@type\":\"ListItem\",\"position\":2,\"name\":\"Saint-Valentin\"}]}]}<\/script>\n<!-- \/ Yoast SEO plugin. -->","yoast_head_json":{"title":"D\u00eener Sp\u00e9cial Saint-Valentin - Soon Grill Champs Elys\u00e9es \/ Restaurant Cor\u00e9en","description":"D\u00eener cor\u00e9en Saint-Valentin ! Disponible uniquement au d\u00eener du 14 f\u00e9vrier 2024. Cuisine cor\u00e9enne gastronimique.","robots":{"index":"index","follow":"follow","max-snippet":"max-snippet:-1","max-image-preview":"max-image-preview:large","max-video-preview":"max-video-preview:-1"},"canonical":"https:\/\/soon-grill.com\/champs-elysees\/saint-valentin\/","og_locale":"fr_FR","og_type":"article","og_title":"D\u00eener Sp\u00e9cial Saint-Valentin - Soon Grill Champs Elys\u00e9es \/ Restaurant Cor\u00e9en","og_description":"D\u00eener cor\u00e9en Saint-Valentin ! Disponible uniquement au d\u00eener du 14 f\u00e9vrier 2024. Cuisine cor\u00e9enne gastronimique.","og_url":"https:\/\/soon-grill.com\/champs-elysees\/saint-valentin\/","og_site_name":"Soon Grill Champs Elys\u00e9es","article_modified_time":"2024-02-08T15:47:15+00:00","twitter_card":"summary_large_image","twitter_misc":{"Dur\u00e9e de lecture estim\u00e9e":"1 minute"},"schema":{"@context":"https:\/\/schema.org","@graph":[{"@type":"WebSite","@id":"https:\/\/soon-grill.com\/champs-elysees\/#website","url":"https:\/\/soon-grill.com\/champs-elysees\/","name":"Soon Grill Champs Elys\u00e9es","description":"Un site utilisant Multisite Soon Grill","potentialAction":[{"@type":"SearchAction","target":{"@type":"EntryPoint","urlTemplate":"https:\/\/soon-grill.com\/champs-elysees\/?s={search_term_string}"},"query-input":"required name=search_term_string"}],"inLanguage":"fr-FR"},{"@type":"WebPage","@id":"https:\/\/soon-grill.com\/champs-elysees\/saint-valentin\/#webpage","url":"https:\/\/soon-grill.com\/champs-elysees\/saint-valentin\/","name":"D\u00eener Sp\u00e9cial Saint-Valentin - Soon Grill Champs Elys\u00e9es \/ Restaurant Cor\u00e9en","isPartOf":{"@id":"https:\/\/soon-grill.com\/champs-elysees\/#website"},"datePublished":"2023-02-07T15:41:29+00:00","dateModified":"2024-02-08T15:47:15+00:00","description":"D\u00eener cor\u00e9en Saint-Valentin ! Disponible uniquement au d\u00eener du 14 f\u00e9vrier 2024. Cuisine cor\u00e9enne gastronimique.","breadcrumb":{"@id":"https:\/\/soon-grill.com\/champs-elysees\/saint-valentin\/#breadcrumb"},"inLanguage":"fr-FR","potentialAction":[{"@type":"ReadAction","target":["https:\/\/soon-grill.com\/champs-elysees\/saint-valentin\/"]}]},{"@type":"BreadcrumbList","@id":"https:\/\/soon-grill.com\/champs-elysees\/saint-valentin\/#breadcrumb","itemListElement":[{"@type":"ListItem","position":1,"name":"Accueil","item":"https:\/\/soon-grill.com\/champs-elysees\/"},{"@type":"ListItem","position":2,"name":"Saint-Valentin"}]}]}},"_links":{"self":[{"href":"https:\/\/soon-grill.com\/champs-elysees\/wp-json\/wp\/v2\/pages\/7838"}],"collection":[{"href":"https:\/\/soon-grill.com\/champs-elysees\/wp-json\/wp\/v2\/pages"}],"about":[{"href":"https:\/\/soon-grill.com\/champs-elysees\/wp-json\/wp\/v2\/types\/page"}],"author":[{"embeddable":true,"href":"https:\/\/soon-grill.com\/champs-elysees\/wp-json\/wp\/v2\/users\/1"}],"replies":[{"embeddable":true,"href":"https:\/\/soon-grill.com\/champs-elysees\/wp-json\/wp\/v2\/comments?post=7838"}],"version-history":[{"count":19,"href":"https:\/\/soon-grill.com\/champs-elysees\/wp-json\/wp\/v2\/pages\/7838\/revisions"}],"predecessor-version":[{"id":7996,"href":"https:\/\/soon-grill.com\/champs-elysees\/wp-json\/wp\/v2\/pages\/7838\/revisions\/7996"}],"wp:attachment":[{"href":"https:\/\/soon-grill.com\/champs-elysees\/wp-json\/wp\/v2\/media?parent=7838"}],"curies":[{"name":"wp","href":"https:\/\/api.w.org\/{rel}","templated":true}]}}