{"id":9,"date":"2020-03-10T11:25:18","date_gmt":"2020-03-10T10:25:18","guid":{"rendered":"https:\/\/soon-grill.ovh\/champs-elysees\/?page_id=9"},"modified":"2026-03-16T15:53:21","modified_gmt":"2026-03-16T14:53:21","slug":"les-menus-barbecue-coreen-paris","status":"publish","type":"page","link":"https:\/\/soon-grill.com\/champs-elysees\/les-menus-barbecue-coreen-paris\/","title":{"rendered":"Barbecue cor\u00e9en paris &#8211; Les Menus &amp; Carte"},"content":{"rendered":"<p>[vc_section full_width=\u00a0\u00bbstretch_row\u00a0\u00bb css=\u00a0\u00bb.vc_custom_1579262108455{background-color: #fbf0e2 !important;}\u00a0\u00bb][vc_row][vc_column][vc_column_text]<\/p>\n<h1 style=\"font-size: 35px; text-transform: uppercase; font-family: 'Futura Medium'; text-align: center;\"><strong>les menus<\/strong><\/h1>\n<h3 style=\"text-align: center;\">Barbecue cor\u00e9en<\/h3>\n<p>[\/vc_column_text][vc_column_text]<\/p>\n<h2 style=\"text-align: center; color: #1e2731; letter-spacing: 0.1em; font-size: 23px;\">&#8211; Champs Elys\u00e9es &#8211;<\/h2>\n<div><\/div>\n<p>[\/vc_column_text][vc_empty_space][\/vc_column][\/vc_row][\/vc_section][vc_section full_width=\u00a0\u00bbstretch_row\u00a0\u00bb css=\u00a0\u00bb.vc_custom_1588001112830{background-color: #1e2731 !important;}\u00a0\u00bb][vc_row][vc_column_inner el_class=\u00a0\u00bbhoverblock\u00a0\u00bb width=\u00a0\u00bb1\/3&Prime;][vc_single_image image=\u00a0\u00bb197&Prime; img_size=\u00a0\u00bbfull\u00a0\u00bb alignment=\u00a0\u00bbcenter\u00a0\u00bb onclick=\u00a0\u00bbcustom_link\u00a0\u00bb link=\u00a0\u00bbhttps:\/\/soon-grill.com\/champs-elysees\/wp-content\/uploads\/sites\/3\/2025\/07\/SGCE-francais-menu-midi.pdf\u00a0\u00bb][vc_empty_space css=\u00a0\u00bb.vc_custom_1587992578286{background-color: #fbf0e2 !important;}\u00a0\u00bb][vc_column_text css=\u00a0\u00bb.vc_custom_1753777990087{background-color: #fbf0e2 !important;}\u00a0\u00bb el_class=\u00a0\u00bbsoustexte\u00a0\u00bb]<\/p>\n<p style=\"text-align: center;\"><a style=\"text-align: center; color: #1e2731; font-family: Playfair Display; font-size: 20px; letter-spacing: 0.1em;\" href=\"https:\/\/soon-grill.com\/champs-elysees\/wp-content\/uploads\/sites\/3\/2025\/07\/SGCE-francais-menu-midi.pdf\" target=\"_blank\" rel=\"noopener noreferrer\">Menu Midi<\/a><\/p>\n<p>[\/vc_column_text][vc_empty_space css=\u00a0\u00bb.vc_custom_1587992578286{background-color: #fbf0e2 !important;}\u00a0\u00bb][\/vc_column_inner][vc_column_inner el_class=\u00a0\u00bbhoverblock\u00a0\u00bb width=\u00a0\u00bb1\/3&Prime;][vc_single_image image=\u00a0\u00bb195&Prime; img_size=\u00a0\u00bbfull\u00a0\u00bb alignment=\u00a0\u00bbcenter\u00a0\u00bb onclick=\u00a0\u00bbcustom_link\u00a0\u00bb link=\u00a0\u00bbhttps:\/\/soon-grill.com\/champs-elysees\/wp-content\/uploads\/sites\/3\/2025\/07\/francais-menu-soir.pdf\u00a0\u00bb][vc_empty_space css=\u00a0\u00bb.vc_custom_1587992584637{background-color: #fbf0e2 !important;}\u00a0\u00bb][vc_column_text css=\u00a0\u00bb.vc_custom_1753777614755{background-color: #fbf0e2 !important;}\u00a0\u00bb el_class=\u00a0\u00bbsoustexte\u00a0\u00bb]<\/p>\n<p style=\"text-align: center;\"><a style=\"text-align: center; color: #1e2731; font-family: Playfair Display; font-size: 20px; letter-spacing: 0.1em;\" href=\"https:\/\/soon-grill.com\/champs-elysees\/wp-content\/uploads\/sites\/3\/2025\/07\/francais-menu-soir.pdf\" target=\"_blank\" rel=\"noopener noreferrer\">Menu Soir<\/a><\/p>\n<p>[\/vc_column_text][vc_empty_space css=\u00a0\u00bb.vc_custom_1587992584637{background-color: #fbf0e2 !important;}\u00a0\u00bb][\/vc_column_inner][vc_column_inner el_class=\u00a0\u00bbhoverblock\u00a0\u00bb width=\u00a0\u00bb1\/3&Prime;][vc_single_image image=\u00a0\u00bb196&Prime; img_size=\u00a0\u00bbfull\u00a0\u00bb alignment=\u00a0\u00bbcenter\u00a0\u00bb onclick=\u00a0\u00bbcustom_link\u00a0\u00bb link=\u00a0\u00bbhttps:\/\/soon-grill.com\/champs-elysees\/wp-content\/uploads\/sites\/3\/2025\/07\/francais-menu-a-la-carte.pdf\u00a0\u00bb][vc_empty_space css=\u00a0\u00bb.vc_custom_1587992590716{background-color: #fbf0e2 !important;}\u00a0\u00bb][vc_column_text css=\u00a0\u00bb.vc_custom_1753777491247{background-color: #fbf0e2 !important;}\u00a0\u00bb el_class=\u00a0\u00bbsoustexte\u00a0\u00bb]<\/p>\n<p style=\"text-align: center;\"><a style=\"text-align: center; color: #1e2731; font-family: Playfair Display; font-size: 20px; letter-spacing: 0.1em;\" href=\"https:\/\/soon-grill.com\/champs-elysees\/wp-content\/uploads\/sites\/3\/2025\/07\/francais-menu-a-la-carte.pdf\" target=\"_blank\" rel=\"noopener noreferrer\">A la Carte<\/a><\/p>\n<p>[\/vc_column_text][vc_empty_space css=\u00a0\u00bb.vc_custom_1587992590716{background-color: #fbf0e2 !important;}\u00a0\u00bb][\/vc_column_inner][\/vc_row][vc_row][vc_column][vc_empty_space height=\u00a0\u00bb50px\u00a0\u00bb][\/vc_column][\/vc_row][vc_row][vc_column width=\u00a0\u00bb1\/3&Prime;][vc_empty_space css=\u00a0\u00bb.vc_custom_1587992578286{background-color: #fbf0e2 !important;}\u00a0\u00bb][vc_column_text css=\u00a0\u00bb.vc_custom_1773672780270{background-color: #fbf0e2 !important;}\u00a0\u00bb el_class=\u00a0\u00bbsoustexte\u00a0\u00bb]<\/p>\n<p style=\"text-align: center;\"><a style=\"text-align: center; color: #1e2731; font-family: Playfair Display; font-size: 20px; letter-spacing: 0.1em;\" href=\"https:\/\/soon-grill.com\/champs-elysees\/wp-content\/uploads\/sites\/3\/2026\/03\/SG-CE-new-carte-de-menu-\uc74c\ub8cc-202603-\ud655\uc778\uc6a9-2.pdf\" target=\"_blank\" rel=\"noopener noreferrer\">Vins &amp; Boissons<\/a><\/p>\n<p>[\/vc_column_text][vc_empty_space css=\u00a0\u00bb.vc_custom_1587992578286{background-color: #fbf0e2 !important;}\u00a0\u00bb][\/vc_column][vc_column width=\u00a0\u00bb1\/3&Prime;][vc_empty_space css=\u00a0\u00bb.vc_custom_1587992578286{background-color: #fbf0e2 !important;}\u00a0\u00bb][vc_column_text css=\u00a0\u00bb.vc_custom_1753777514552{background-color: #fbf0e2 !important;}\u00a0\u00bb el_class=\u00a0\u00bbsoustexte\u00a0\u00bb]<\/p>\n<p style=\"text-align: center;\"><a style=\"text-align: center; color: #1e2731; font-family: Playfair Display; font-size: 20px; letter-spacing: 0.1em;\" href=\"https:\/\/soon-grill.com\/champs-elysees\/wp-content\/uploads\/sites\/3\/2025\/07\/english-carte-de-menu-.pdf\" target=\"_blank\" rel=\"noopener noreferrer\">English Menu<\/a><\/p>\n<p>[\/vc_column_text][vc_empty_space css=\u00a0\u00bb.vc_custom_1587992578286{background-color: #fbf0e2 !important;}\u00a0\u00bb][\/vc_column][vc_column width=\u00a0\u00bb1\/3&Prime;][vc_empty_space css=\u00a0\u00bb.vc_custom_1587992578286{background-color: #fbf0e2 !important;}\u00a0\u00bb][vc_column_text css=\u00a0\u00bb.vc_custom_1753777537637{background-color: #fbf0e2 !important;}\u00a0\u00bb el_class=\u00a0\u00bbsoustexte\u00a0\u00bb]<\/p>\n<p style=\"text-align: center;\"><a style=\"text-align: center; color: #1e2731; font-family: Playfair Display; font-size: 20px; letter-spacing: 0.1em;\" href=\"https:\/\/soon-grill.com\/champs-elysees\/wp-content\/uploads\/sites\/3\/2025\/07\/halal-carte-de-menu.pdf\" target=\"_blank\" rel=\"noopener noreferrer\">Carte halal<\/a><\/p>\n<p>[\/vc_column_text][vc_empty_space css=\u00a0\u00bb.vc_custom_1587992578286{background-color: #fbf0e2 !important;}\u00a0\u00bb][\/vc_column][\/vc_row][vc_row][vc_column][vc_empty_space height=\u00a0\u00bb50px\u00a0\u00bb][\/vc_column][\/vc_row][vc_row][vc_column][vc_empty_space height=\u00a0\u00bb50px\u00a0\u00bb][\/vc_column][\/vc_row][\/vc_section][vc_section full_width=\u00a0\u00bbstretch_row\u00a0\u00bb css=\u00a0\u00bb.vc_custom_1599478352586{background-color: #fbf0e2 !important;}\u00a0\u00bb][vc_row][vc_column][vc_empty_space height=\u00a0\u00bb50px\u00a0\u00bb][\/vc_column][\/vc_row][vc_row][vc_column width=\u00a0\u00bb1\/2&Prime;][vc_single_image image=\u00a0\u00bb704&Prime; img_size=\u00a0\u00bbfull\u00a0\u00bb add_caption=\u00a0\u00bbyes\u00a0\u00bb onclick=\u00a0\u00bbcustom_link\u00a0\u00bb link=\u00a0\u00bbhttps:\/\/soon-grill.com\/marais\/nos-cartes-cadeau\/\u00a0\u00bb][\/vc_column][vc_column width=\u00a0\u00bb1\/2&Prime;][vc_column_text]<\/p>\n<h3 class=\"eltdf-single-product-title\">Carte Cadeau Soon Grill<\/h3>\n<p><strong>Profitez jusqu&rsquo;\u00e0 10 % de r\u00e9duction sur vos achats de Cartes cadeaux Soon Grill.<\/strong><\/p>\n<p>&nbsp;<\/p>\n<p><em>Offrez un moment unique \u00e0 vos proches !<\/em><br \/>\n<em>La carte cadeau Soon Grill est valable au MARAIS et CHAMPS \u2013 \u00c9LYS\u00c9ES <\/em><em>sur toutes nos cartes et menus, midi et soir.<\/em><\/p>\n<p>&nbsp;<\/p>\n<p><a itemprop=\"url\" href=\"https:\/\/soon-grill.com\/marais\/nos-cartes-cadeau\/\" target=\"_self\"  class=\"eltdf-btn eltdf-btn-medium eltdf-btn-solid\"  >\n\t<span class=\"eltdf-btn-pattern-holder\" ><\/span>\n    <span class=\"eltdf-btn-text\">En savoir plus<\/span>\n    <i class=\"eltdf-icon-font-awesome fa  \" ><\/i><\/a>[\/vc_column_text][\/vc_column][\/vc_row][vc_row][vc_column][vc_empty_space height=\u00a0\u00bb50px\u00a0\u00bb][\/vc_column][\/vc_row][\/vc_section]<\/p>\n","protected":false},"excerpt":{"rendered":"<p>[vc_section full_width=\u00a0\u00bbstretch_row\u00a0\u00bb css=\u00a0\u00bb.vc_custom_1579262108455{background-color: #fbf0e2 !important;}\u00a0\u00bb][vc_row][vc_column][vc_column_text] les menus Barbecue cor\u00e9en [\/vc_column_text][vc_column_text] &#8211; Champs Elys\u00e9es &#8211; [\/vc_column_text][vc_empty_space][\/vc_column][\/vc_row][\/vc_section][vc_section full_width=\u00a0\u00bbstretch_row\u00a0\u00bb css=\u00a0\u00bb.vc_custom_1588001112830{background-color: #1e2731 !important;}\u00a0\u00bb][vc_row][vc_column_inner el_class=\u00a0\u00bbhoverblock\u00a0\u00bb width=\u00a0\u00bb1\/3&Prime;][vc_single_image image=\u00a0\u00bb197&Prime; img_size=\u00a0\u00bbfull\u00a0\u00bb alignment=\u00a0\u00bbcenter\u00a0\u00bb onclick=\u00a0\u00bbcustom_link\u00a0\u00bb link=\u00a0\u00bbhttps:\/\/soon-grill.com\/champs-elysees\/wp-content\/uploads\/sites\/3\/2025\/07\/SGCE-francais-menu-midi.pdf\u00a0\u00bb][vc_empty_space css=\u00a0\u00bb.vc_custom_1587992578286{background-color: #fbf0e2 !important;}\u00a0\u00bb][vc_column_text css=\u00a0\u00bb.vc_custom_1753777990087{background-color: #fbf0e2 !important;}\u00a0\u00bb el_class=\u00a0\u00bbsoustexte\u00a0\u00bb] Menu Midi [\/vc_column_text][vc_empty_space css=\u00a0\u00bb.vc_custom_1587992578286{background-color: #fbf0e2 !important;}\u00a0\u00bb][\/vc_column_inner][vc_column_inner el_class=\u00a0\u00bbhoverblock\u00a0\u00bb [&hellip;]<\/p>\n","protected":false},"author":1,"featured_media":0,"parent":0,"menu_order":0,"comment_status":"closed","ping_status":"closed","template":"","meta":[],"yoast_head":"<!-- This site is optimized with the Yoast SEO plugin v18.1 - https:\/\/yoast.com\/wordpress\/plugins\/seo\/ -->\n<title>Barbecue cor\u00e9en paris - Les Menus &amp; Carte - Soon Grill Champs Elys\u00e9es<\/title>\n<meta name=\"description\" content=\"Restaurant Barbecue cor\u00e9en Paris Gastronomique \/ D\u00e9couvrez les menus du Soon Grill Champs Elys\u00e9es. Viade de quailit\u00e9 Carte halal certifi\u00e9e\" \/>\n<meta name=\"robots\" content=\"index, follow, max-snippet:-1, max-image-preview:large, max-video-preview:-1\" \/>\n<link rel=\"canonical\" href=\"https:\/\/soon-grill.com\/champs-elysees\/les-menus-barbecue-coreen-paris\/\" \/>\n<meta property=\"og:locale\" content=\"fr_FR\" \/>\n<meta property=\"og:type\" content=\"article\" \/>\n<meta property=\"og:title\" content=\"Barbecue cor\u00e9en paris - Les Menus &amp; Carte - Soon Grill Champs Elys\u00e9es\" \/>\n<meta property=\"og:description\" content=\"Restaurant Barbecue cor\u00e9en Paris Gastronomique \/ D\u00e9couvrez les menus du Soon Grill Champs Elys\u00e9es. Viade de quailit\u00e9 Carte halal certifi\u00e9e\" \/>\n<meta property=\"og:url\" content=\"https:\/\/soon-grill.com\/champs-elysees\/les-menus-barbecue-coreen-paris\/\" \/>\n<meta property=\"og:site_name\" content=\"Soon Grill Champs Elys\u00e9es\" \/>\n<meta property=\"article:modified_time\" content=\"2026-03-16T14:53:21+00:00\" \/>\n<meta name=\"twitter:card\" content=\"summary_large_image\" \/>\n<meta name=\"twitter:label1\" content=\"Dur\u00e9e de lecture estim\u00e9e\" \/>\n\t<meta name=\"twitter:data1\" content=\"2 minutes\" \/>\n<script type=\"application\/ld+json\" class=\"yoast-schema-graph\">{\"@context\":\"https:\/\/schema.org\",\"@graph\":[{\"@type\":\"WebSite\",\"@id\":\"https:\/\/soon-grill.com\/champs-elysees\/#website\",\"url\":\"https:\/\/soon-grill.com\/champs-elysees\/\",\"name\":\"Soon Grill Champs Elys\u00e9es\",\"description\":\"Un site utilisant Multisite Soon Grill\",\"potentialAction\":[{\"@type\":\"SearchAction\",\"target\":{\"@type\":\"EntryPoint\",\"urlTemplate\":\"https:\/\/soon-grill.com\/champs-elysees\/?s={search_term_string}\"},\"query-input\":\"required name=search_term_string\"}],\"inLanguage\":\"fr-FR\"},{\"@type\":\"WebPage\",\"@id\":\"https:\/\/soon-grill.com\/champs-elysees\/les-menus-barbecue-coreen-paris\/#webpage\",\"url\":\"https:\/\/soon-grill.com\/champs-elysees\/les-menus-barbecue-coreen-paris\/\",\"name\":\"Barbecue cor\u00e9en paris - Les Menus &amp; Carte - Soon Grill Champs Elys\u00e9es\",\"isPartOf\":{\"@id\":\"https:\/\/soon-grill.com\/champs-elysees\/#website\"},\"datePublished\":\"2020-03-10T10:25:18+00:00\",\"dateModified\":\"2026-03-16T14:53:21+00:00\",\"description\":\"Restaurant Barbecue cor\u00e9en Paris Gastronomique \/ D\u00e9couvrez les menus du Soon Grill Champs Elys\u00e9es. Viade de quailit\u00e9 Carte halal certifi\u00e9e\",\"breadcrumb\":{\"@id\":\"https:\/\/soon-grill.com\/champs-elysees\/les-menus-barbecue-coreen-paris\/#breadcrumb\"},\"inLanguage\":\"fr-FR\",\"potentialAction\":[{\"@type\":\"ReadAction\",\"target\":[\"https:\/\/soon-grill.com\/champs-elysees\/les-menus-barbecue-coreen-paris\/\"]}]},{\"@type\":\"BreadcrumbList\",\"@id\":\"https:\/\/soon-grill.com\/champs-elysees\/les-menus-barbecue-coreen-paris\/#breadcrumb\",\"itemListElement\":[{\"@type\":\"ListItem\",\"position\":1,\"name\":\"Accueil\",\"item\":\"https:\/\/soon-grill.com\/champs-elysees\/\"},{\"@type\":\"ListItem\",\"position\":2,\"name\":\"Barbecue cor\u00e9en paris &#8211; Les Menus &amp; Carte\"}]}]}<\/script>\n<!-- \/ Yoast SEO plugin. -->","yoast_head_json":{"title":"Barbecue cor\u00e9en paris - Les Menus &amp; Carte - Soon Grill Champs Elys\u00e9es","description":"Restaurant Barbecue cor\u00e9en Paris Gastronomique \/ D\u00e9couvrez les menus du Soon Grill Champs Elys\u00e9es. Viade de quailit\u00e9 Carte halal certifi\u00e9e","robots":{"index":"index","follow":"follow","max-snippet":"max-snippet:-1","max-image-preview":"max-image-preview:large","max-video-preview":"max-video-preview:-1"},"canonical":"https:\/\/soon-grill.com\/champs-elysees\/les-menus-barbecue-coreen-paris\/","og_locale":"fr_FR","og_type":"article","og_title":"Barbecue cor\u00e9en paris - Les Menus &amp; Carte - Soon Grill Champs Elys\u00e9es","og_description":"Restaurant Barbecue cor\u00e9en Paris Gastronomique \/ D\u00e9couvrez les menus du Soon Grill Champs Elys\u00e9es. Viade de quailit\u00e9 Carte halal certifi\u00e9e","og_url":"https:\/\/soon-grill.com\/champs-elysees\/les-menus-barbecue-coreen-paris\/","og_site_name":"Soon Grill Champs Elys\u00e9es","article_modified_time":"2026-03-16T14:53:21+00:00","twitter_card":"summary_large_image","twitter_misc":{"Dur\u00e9e de lecture estim\u00e9e":"2 minutes"},"schema":{"@context":"https:\/\/schema.org","@graph":[{"@type":"WebSite","@id":"https:\/\/soon-grill.com\/champs-elysees\/#website","url":"https:\/\/soon-grill.com\/champs-elysees\/","name":"Soon Grill Champs Elys\u00e9es","description":"Un site utilisant Multisite Soon Grill","potentialAction":[{"@type":"SearchAction","target":{"@type":"EntryPoint","urlTemplate":"https:\/\/soon-grill.com\/champs-elysees\/?s={search_term_string}"},"query-input":"required name=search_term_string"}],"inLanguage":"fr-FR"},{"@type":"WebPage","@id":"https:\/\/soon-grill.com\/champs-elysees\/les-menus-barbecue-coreen-paris\/#webpage","url":"https:\/\/soon-grill.com\/champs-elysees\/les-menus-barbecue-coreen-paris\/","name":"Barbecue cor\u00e9en paris - Les Menus &amp; Carte - Soon Grill Champs Elys\u00e9es","isPartOf":{"@id":"https:\/\/soon-grill.com\/champs-elysees\/#website"},"datePublished":"2020-03-10T10:25:18+00:00","dateModified":"2026-03-16T14:53:21+00:00","description":"Restaurant Barbecue cor\u00e9en Paris Gastronomique \/ D\u00e9couvrez les menus du Soon Grill Champs Elys\u00e9es. Viade de quailit\u00e9 Carte halal certifi\u00e9e","breadcrumb":{"@id":"https:\/\/soon-grill.com\/champs-elysees\/les-menus-barbecue-coreen-paris\/#breadcrumb"},"inLanguage":"fr-FR","potentialAction":[{"@type":"ReadAction","target":["https:\/\/soon-grill.com\/champs-elysees\/les-menus-barbecue-coreen-paris\/"]}]},{"@type":"BreadcrumbList","@id":"https:\/\/soon-grill.com\/champs-elysees\/les-menus-barbecue-coreen-paris\/#breadcrumb","itemListElement":[{"@type":"ListItem","position":1,"name":"Accueil","item":"https:\/\/soon-grill.com\/champs-elysees\/"},{"@type":"ListItem","position":2,"name":"Barbecue cor\u00e9en paris &#8211; Les Menus &amp; Carte"}]}]}},"_links":{"self":[{"href":"https:\/\/soon-grill.com\/champs-elysees\/wp-json\/wp\/v2\/pages\/9"}],"collection":[{"href":"https:\/\/soon-grill.com\/champs-elysees\/wp-json\/wp\/v2\/pages"}],"about":[{"href":"https:\/\/soon-grill.com\/champs-elysees\/wp-json\/wp\/v2\/types\/page"}],"author":[{"embeddable":true,"href":"https:\/\/soon-grill.com\/champs-elysees\/wp-json\/wp\/v2\/users\/1"}],"replies":[{"embeddable":true,"href":"https:\/\/soon-grill.com\/champs-elysees\/wp-json\/wp\/v2\/comments?post=9"}],"version-history":[{"count":73,"href":"https:\/\/soon-grill.com\/champs-elysees\/wp-json\/wp\/v2\/pages\/9\/revisions"}],"predecessor-version":[{"id":8223,"href":"https:\/\/soon-grill.com\/champs-elysees\/wp-json\/wp\/v2\/pages\/9\/revisions\/8223"}],"wp:attachment":[{"href":"https:\/\/soon-grill.com\/champs-elysees\/wp-json\/wp\/v2\/media?parent=9"}],"curies":[{"name":"wp","href":"https:\/\/api.w.org\/{rel}","templated":true}]}}