{"id":2535,"date":"2021-01-29T23:53:24","date_gmt":"2021-01-29T22:53:24","guid":{"rendered":"https:\/\/soon-grill.com\/champs-elysees\/produit\/menu-cotes-dagneau\/"},"modified":"2021-06-01T15:57:38","modified_gmt":"2021-06-01T13:57:38","slug":"menu-cotes-dagneau","status":"publish","type":"product","link":"https:\/\/soon-grill.com\/champs-elysees\/produit\/menu-cotes-dagneau\/","title":{"rendered":"Menu C\u00f4tes d\u2019agneau \u00e0 la sauce soja ou \u00e0 la sauce \u00e9pic\u00e9e"},"content":{"rendered":"","protected":false},"excerpt":{"rendered":"<p>Menu Barbecue C\u00f4tes d\u2019agneau marin\u00e9es<\/p>\n<p>\u00e0 la sauce soja ou \u00e0 la sauce \u00e9pic\u00e9e<\/p>\n<ul>\n<li>avec du riz blanc<\/li>\n<li>4 accompagnements<\/li>\n<li>1 sauce SSAMJANG<\/li>\n<li>Salades d&rsquo;oignons + Sauce<\/li>\n<\/ul>\n","protected":false},"featured_media":2787,"template":"","meta":[],"product_cat":[21,20],"product_tag":[],"giftcard-category":[],"yoast_head":"<!-- This site is optimized with the Yoast SEO plugin v18.1 - https:\/\/yoast.com\/wordpress\/plugins\/seo\/ -->\n<title>Menu C\u00f4tes d\u2019agneau \u00e0 la sauce soja ou \u00e0 la sauce \u00e9pic\u00e9e - Soon Grill Champs Elys\u00e9es<\/title>\n<meta name=\"robots\" content=\"index, follow, max-snippet:-1, max-image-preview:large, max-video-preview:-1\" \/>\n<link rel=\"canonical\" href=\"https:\/\/soon-grill.com\/champs-elysees\/produit\/menu-cotes-dagneau\/\" \/>\n<meta property=\"og:locale\" content=\"fr_FR\" \/>\n<meta property=\"og:type\" content=\"article\" \/>\n<meta property=\"og:title\" content=\"Menu C\u00f4tes d\u2019agneau \u00e0 la sauce soja ou \u00e0 la sauce \u00e9pic\u00e9e - Soon Grill Champs Elys\u00e9es\" \/>\n<meta property=\"og:description\" content=\"Menu Barbecue C\u00f4tes d\u2019agneau marin\u00e9es  \u00e0 la sauce soja ou \u00e0 la sauce \u00e9pic\u00e9e   avec du riz blanc  4 accompagnements  1 sauce SSAMJANG  Salades d&#039;oignons + Sauce\" \/>\n<meta property=\"og:url\" content=\"https:\/\/soon-grill.com\/champs-elysees\/produit\/menu-cotes-dagneau\/\" \/>\n<meta property=\"og:site_name\" content=\"Soon Grill Champs Elys\u00e9es\" \/>\n<meta property=\"article:modified_time\" content=\"2021-06-01T13:57:38+00:00\" \/>\n<meta property=\"og:image\" content=\"https:\/\/soon-grill.com\/champs-elysees\/wp-content\/uploads\/sites\/3\/2021\/01\/agneau-2.png\" \/>\n\t<meta property=\"og:image:width\" content=\"1200\" \/>\n\t<meta property=\"og:image:height\" content=\"1200\" \/>\n\t<meta property=\"og:image:type\" content=\"image\/png\" \/>\n<meta name=\"twitter:card\" content=\"summary_large_image\" \/>\n<script type=\"application\/ld+json\" class=\"yoast-schema-graph\">{\"@context\":\"https:\/\/schema.org\",\"@graph\":[{\"@type\":\"WebSite\",\"@id\":\"https:\/\/soon-grill.com\/champs-elysees\/#website\",\"url\":\"https:\/\/soon-grill.com\/champs-elysees\/\",\"name\":\"Soon Grill Champs Elys\u00e9es\",\"description\":\"Un site utilisant Multisite Soon Grill\",\"potentialAction\":[{\"@type\":\"SearchAction\",\"target\":{\"@type\":\"EntryPoint\",\"urlTemplate\":\"https:\/\/soon-grill.com\/champs-elysees\/?s={search_term_string}\"},\"query-input\":\"required name=search_term_string\"}],\"inLanguage\":\"fr-FR\"},{\"@type\":\"ImageObject\",\"@id\":\"https:\/\/soon-grill.com\/champs-elysees\/produit\/menu-cotes-dagneau\/#primaryimage\",\"inLanguage\":\"fr-FR\",\"url\":\"https:\/\/soon-grill.com\/champs-elysees\/wp-content\/uploads\/sites\/3\/2021\/01\/agneau-2.png\",\"contentUrl\":\"https:\/\/soon-grill.com\/champs-elysees\/wp-content\/uploads\/sites\/3\/2021\/01\/agneau-2.png\",\"width\":1200,\"height\":1200},{\"@type\":\"WebPage\",\"@id\":\"https:\/\/soon-grill.com\/champs-elysees\/produit\/menu-cotes-dagneau\/#webpage\",\"url\":\"https:\/\/soon-grill.com\/champs-elysees\/produit\/menu-cotes-dagneau\/\",\"name\":\"Menu C\u00f4tes d\u2019agneau \u00e0 la sauce soja ou \u00e0 la sauce \u00e9pic\u00e9e - Soon Grill Champs Elys\u00e9es\",\"isPartOf\":{\"@id\":\"https:\/\/soon-grill.com\/champs-elysees\/#website\"},\"primaryImageOfPage\":{\"@id\":\"https:\/\/soon-grill.com\/champs-elysees\/produit\/menu-cotes-dagneau\/#primaryimage\"},\"datePublished\":\"2021-01-29T22:53:24+00:00\",\"dateModified\":\"2021-06-01T13:57:38+00:00\",\"breadcrumb\":{\"@id\":\"https:\/\/soon-grill.com\/champs-elysees\/produit\/menu-cotes-dagneau\/#breadcrumb\"},\"inLanguage\":\"fr-FR\",\"potentialAction\":[{\"@type\":\"ReadAction\",\"target\":[\"https:\/\/soon-grill.com\/champs-elysees\/produit\/menu-cotes-dagneau\/\"]}]},{\"@type\":\"BreadcrumbList\",\"@id\":\"https:\/\/soon-grill.com\/champs-elysees\/produit\/menu-cotes-dagneau\/#breadcrumb\",\"itemListElement\":[{\"@type\":\"ListItem\",\"position\":1,\"name\":\"Accueil\",\"item\":\"https:\/\/soon-grill.com\/champs-elysees\/\"},{\"@type\":\"ListItem\",\"position\":2,\"name\":\"\"},{\"@type\":\"ListItem\",\"position\":3,\"name\":\"Menu C\u00f4tes d\u2019agneau \u00e0 la sauce soja ou \u00e0 la sauce \u00e9pic\u00e9e\"}]}]}<\/script>\n<!-- \/ Yoast SEO plugin. -->","yoast_head_json":{"title":"Menu C\u00f4tes d\u2019agneau \u00e0 la sauce soja ou \u00e0 la sauce \u00e9pic\u00e9e - Soon Grill Champs Elys\u00e9es","robots":{"index":"index","follow":"follow","max-snippet":"max-snippet:-1","max-image-preview":"max-image-preview:large","max-video-preview":"max-video-preview:-1"},"canonical":"https:\/\/soon-grill.com\/champs-elysees\/produit\/menu-cotes-dagneau\/","og_locale":"fr_FR","og_type":"article","og_title":"Menu C\u00f4tes d\u2019agneau \u00e0 la sauce soja ou \u00e0 la sauce \u00e9pic\u00e9e - Soon Grill Champs Elys\u00e9es","og_description":"Menu Barbecue C\u00f4tes d\u2019agneau marin\u00e9es  \u00e0 la sauce soja ou \u00e0 la sauce \u00e9pic\u00e9e   avec du riz blanc  4 accompagnements  1 sauce SSAMJANG  Salades d'oignons + Sauce","og_url":"https:\/\/soon-grill.com\/champs-elysees\/produit\/menu-cotes-dagneau\/","og_site_name":"Soon Grill Champs Elys\u00e9es","article_modified_time":"2021-06-01T13:57:38+00:00","og_image":[{"width":1200,"height":1200,"url":"https:\/\/soon-grill.com\/champs-elysees\/wp-content\/uploads\/sites\/3\/2021\/01\/agneau-2.png","type":"image\/png"}],"twitter_card":"summary_large_image","schema":{"@context":"https:\/\/schema.org","@graph":[{"@type":"WebSite","@id":"https:\/\/soon-grill.com\/champs-elysees\/#website","url":"https:\/\/soon-grill.com\/champs-elysees\/","name":"Soon Grill Champs Elys\u00e9es","description":"Un site utilisant Multisite Soon Grill","potentialAction":[{"@type":"SearchAction","target":{"@type":"EntryPoint","urlTemplate":"https:\/\/soon-grill.com\/champs-elysees\/?s={search_term_string}"},"query-input":"required name=search_term_string"}],"inLanguage":"fr-FR"},{"@type":"ImageObject","@id":"https:\/\/soon-grill.com\/champs-elysees\/produit\/menu-cotes-dagneau\/#primaryimage","inLanguage":"fr-FR","url":"https:\/\/soon-grill.com\/champs-elysees\/wp-content\/uploads\/sites\/3\/2021\/01\/agneau-2.png","contentUrl":"https:\/\/soon-grill.com\/champs-elysees\/wp-content\/uploads\/sites\/3\/2021\/01\/agneau-2.png","width":1200,"height":1200},{"@type":"WebPage","@id":"https:\/\/soon-grill.com\/champs-elysees\/produit\/menu-cotes-dagneau\/#webpage","url":"https:\/\/soon-grill.com\/champs-elysees\/produit\/menu-cotes-dagneau\/","name":"Menu C\u00f4tes d\u2019agneau \u00e0 la sauce soja ou \u00e0 la sauce \u00e9pic\u00e9e - Soon Grill Champs Elys\u00e9es","isPartOf":{"@id":"https:\/\/soon-grill.com\/champs-elysees\/#website"},"primaryImageOfPage":{"@id":"https:\/\/soon-grill.com\/champs-elysees\/produit\/menu-cotes-dagneau\/#primaryimage"},"datePublished":"2021-01-29T22:53:24+00:00","dateModified":"2021-06-01T13:57:38+00:00","breadcrumb":{"@id":"https:\/\/soon-grill.com\/champs-elysees\/produit\/menu-cotes-dagneau\/#breadcrumb"},"inLanguage":"fr-FR","potentialAction":[{"@type":"ReadAction","target":["https:\/\/soon-grill.com\/champs-elysees\/produit\/menu-cotes-dagneau\/"]}]},{"@type":"BreadcrumbList","@id":"https:\/\/soon-grill.com\/champs-elysees\/produit\/menu-cotes-dagneau\/#breadcrumb","itemListElement":[{"@type":"ListItem","position":1,"name":"Accueil","item":"https:\/\/soon-grill.com\/champs-elysees\/"},{"@type":"ListItem","position":2,"name":""},{"@type":"ListItem","position":3,"name":"Menu C\u00f4tes d\u2019agneau \u00e0 la sauce soja ou \u00e0 la sauce \u00e9pic\u00e9e"}]}]}},"_links":{"self":[{"href":"https:\/\/soon-grill.com\/champs-elysees\/wp-json\/wp\/v2\/product\/2535"}],"collection":[{"href":"https:\/\/soon-grill.com\/champs-elysees\/wp-json\/wp\/v2\/product"}],"about":[{"href":"https:\/\/soon-grill.com\/champs-elysees\/wp-json\/wp\/v2\/types\/product"}],"wp:featuredmedia":[{"embeddable":true,"href":"https:\/\/soon-grill.com\/champs-elysees\/wp-json\/wp\/v2\/media\/2787"}],"wp:attachment":[{"href":"https:\/\/soon-grill.com\/champs-elysees\/wp-json\/wp\/v2\/media?parent=2535"}],"wp:term":[{"taxonomy":"product_cat","embeddable":true,"href":"https:\/\/soon-grill.com\/champs-elysees\/wp-json\/wp\/v2\/product_cat?post=2535"},{"taxonomy":"product_tag","embeddable":true,"href":"https:\/\/soon-grill.com\/champs-elysees\/wp-json\/wp\/v2\/product_tag?post=2535"},{"taxonomy":"giftcard-category","embeddable":true,"href":"https:\/\/soon-grill.com\/champs-elysees\/wp-json\/wp\/v2\/giftcard-category?post=2535"}],"curies":[{"name":"wp","href":"https:\/\/api.w.org\/{rel}","templated":true}]}}