{"id":2640,"date":"2021-01-29T23:53:29","date_gmt":"2021-01-29T22:53:29","guid":{"rendered":"https:\/\/soon-grill.com\/champs-elysees\/produit\/the-vert-glace-thym-citron-bio-meneau\/"},"modified":"2021-01-29T23:53:29","modified_gmt":"2021-01-29T22:53:29","slug":"the-vert-glace-thym-citron-bio-meneau","status":"publish","type":"product","link":"https:\/\/soon-grill.com\/champs-elysees\/produit\/the-vert-glace-thym-citron-bio-meneau\/","title":{"rendered":"Th\u00e9 vert glac\u00e9 thym-citron BIO MENEAU"},"content":{"rendered":"","protected":false},"excerpt":{"rendered":"","protected":false},"featured_media":2641,"template":"","meta":[],"product_cat":[26],"product_tag":[],"giftcard-category":[],"yoast_head":"<!-- This site is optimized with the Yoast SEO plugin v18.1 - https:\/\/yoast.com\/wordpress\/plugins\/seo\/ -->\n<title>Th\u00e9 vert glac\u00e9 thym-citron BIO MENEAU - Soon Grill Champs Elys\u00e9es<\/title>\n<meta name=\"robots\" content=\"index, follow, max-snippet:-1, max-image-preview:large, max-video-preview:-1\" \/>\n<link rel=\"canonical\" href=\"https:\/\/soon-grill.com\/champs-elysees\/produit\/the-vert-glace-thym-citron-bio-meneau\/\" \/>\n<meta property=\"og:locale\" content=\"fr_FR\" \/>\n<meta property=\"og:type\" content=\"article\" \/>\n<meta property=\"og:title\" content=\"Th\u00e9 vert glac\u00e9 thym-citron BIO MENEAU - Soon Grill Champs Elys\u00e9es\" \/>\n<meta property=\"og:url\" content=\"https:\/\/soon-grill.com\/champs-elysees\/produit\/the-vert-glace-thym-citron-bio-meneau\/\" \/>\n<meta property=\"og:site_name\" content=\"Soon Grill Champs Elys\u00e9es\" \/>\n<meta property=\"og:image\" content=\"https:\/\/soon-grill.com\/champs-elysees\/wp-content\/uploads\/sites\/3\/2021\/01\/jus-the-vert-citron.png\" \/>\n\t<meta property=\"og:image:width\" content=\"500\" \/>\n\t<meta property=\"og:image:height\" content=\"500\" \/>\n\t<meta property=\"og:image:type\" content=\"image\/png\" \/>\n<meta name=\"twitter:card\" content=\"summary_large_image\" \/>\n<script type=\"application\/ld+json\" class=\"yoast-schema-graph\">{\"@context\":\"https:\/\/schema.org\",\"@graph\":[{\"@type\":\"WebSite\",\"@id\":\"https:\/\/soon-grill.com\/champs-elysees\/#website\",\"url\":\"https:\/\/soon-grill.com\/champs-elysees\/\",\"name\":\"Soon Grill Champs Elys\u00e9es\",\"description\":\"Un site utilisant Multisite Soon Grill\",\"potentialAction\":[{\"@type\":\"SearchAction\",\"target\":{\"@type\":\"EntryPoint\",\"urlTemplate\":\"https:\/\/soon-grill.com\/champs-elysees\/?s={search_term_string}\"},\"query-input\":\"required name=search_term_string\"}],\"inLanguage\":\"fr-FR\"},{\"@type\":\"ImageObject\",\"@id\":\"https:\/\/soon-grill.com\/champs-elysees\/produit\/the-vert-glace-thym-citron-bio-meneau\/#primaryimage\",\"inLanguage\":\"fr-FR\",\"url\":\"https:\/\/soon-grill.com\/champs-elysees\/wp-content\/uploads\/sites\/3\/2021\/01\/jus-the-vert-citron.png\",\"contentUrl\":\"https:\/\/soon-grill.com\/champs-elysees\/wp-content\/uploads\/sites\/3\/2021\/01\/jus-the-vert-citron.png\",\"width\":500,\"height\":500,\"caption\":\"Th\u00e9 vert glac\u00e9 thym-citron BIO MENEAU\"},{\"@type\":\"WebPage\",\"@id\":\"https:\/\/soon-grill.com\/champs-elysees\/produit\/the-vert-glace-thym-citron-bio-meneau\/#webpage\",\"url\":\"https:\/\/soon-grill.com\/champs-elysees\/produit\/the-vert-glace-thym-citron-bio-meneau\/\",\"name\":\"Th\u00e9 vert glac\u00e9 thym-citron BIO MENEAU - Soon Grill Champs Elys\u00e9es\",\"isPartOf\":{\"@id\":\"https:\/\/soon-grill.com\/champs-elysees\/#website\"},\"primaryImageOfPage\":{\"@id\":\"https:\/\/soon-grill.com\/champs-elysees\/produit\/the-vert-glace-thym-citron-bio-meneau\/#primaryimage\"},\"datePublished\":\"2021-01-29T22:53:29+00:00\",\"dateModified\":\"2021-01-29T22:53:29+00:00\",\"breadcrumb\":{\"@id\":\"https:\/\/soon-grill.com\/champs-elysees\/produit\/the-vert-glace-thym-citron-bio-meneau\/#breadcrumb\"},\"inLanguage\":\"fr-FR\",\"potentialAction\":[{\"@type\":\"ReadAction\",\"target\":[\"https:\/\/soon-grill.com\/champs-elysees\/produit\/the-vert-glace-thym-citron-bio-meneau\/\"]}]},{\"@type\":\"BreadcrumbList\",\"@id\":\"https:\/\/soon-grill.com\/champs-elysees\/produit\/the-vert-glace-thym-citron-bio-meneau\/#breadcrumb\",\"itemListElement\":[{\"@type\":\"ListItem\",\"position\":1,\"name\":\"Accueil\",\"item\":\"https:\/\/soon-grill.com\/champs-elysees\/\"},{\"@type\":\"ListItem\",\"position\":2,\"name\":\"\"},{\"@type\":\"ListItem\",\"position\":3,\"name\":\"Th\u00e9 vert glac\u00e9 thym-citron BIO MENEAU\"}]}]}<\/script>\n<!-- \/ Yoast SEO plugin. -->","yoast_head_json":{"title":"Th\u00e9 vert glac\u00e9 thym-citron BIO MENEAU - Soon Grill Champs Elys\u00e9es","robots":{"index":"index","follow":"follow","max-snippet":"max-snippet:-1","max-image-preview":"max-image-preview:large","max-video-preview":"max-video-preview:-1"},"canonical":"https:\/\/soon-grill.com\/champs-elysees\/produit\/the-vert-glace-thym-citron-bio-meneau\/","og_locale":"fr_FR","og_type":"article","og_title":"Th\u00e9 vert glac\u00e9 thym-citron BIO MENEAU - Soon Grill Champs Elys\u00e9es","og_url":"https:\/\/soon-grill.com\/champs-elysees\/produit\/the-vert-glace-thym-citron-bio-meneau\/","og_site_name":"Soon Grill Champs Elys\u00e9es","og_image":[{"width":500,"height":500,"url":"https:\/\/soon-grill.com\/champs-elysees\/wp-content\/uploads\/sites\/3\/2021\/01\/jus-the-vert-citron.png","type":"image\/png"}],"twitter_card":"summary_large_image","schema":{"@context":"https:\/\/schema.org","@graph":[{"@type":"WebSite","@id":"https:\/\/soon-grill.com\/champs-elysees\/#website","url":"https:\/\/soon-grill.com\/champs-elysees\/","name":"Soon Grill Champs Elys\u00e9es","description":"Un site utilisant Multisite Soon Grill","potentialAction":[{"@type":"SearchAction","target":{"@type":"EntryPoint","urlTemplate":"https:\/\/soon-grill.com\/champs-elysees\/?s={search_term_string}"},"query-input":"required name=search_term_string"}],"inLanguage":"fr-FR"},{"@type":"ImageObject","@id":"https:\/\/soon-grill.com\/champs-elysees\/produit\/the-vert-glace-thym-citron-bio-meneau\/#primaryimage","inLanguage":"fr-FR","url":"https:\/\/soon-grill.com\/champs-elysees\/wp-content\/uploads\/sites\/3\/2021\/01\/jus-the-vert-citron.png","contentUrl":"https:\/\/soon-grill.com\/champs-elysees\/wp-content\/uploads\/sites\/3\/2021\/01\/jus-the-vert-citron.png","width":500,"height":500,"caption":"Th\u00e9 vert glac\u00e9 thym-citron BIO MENEAU"},{"@type":"WebPage","@id":"https:\/\/soon-grill.com\/champs-elysees\/produit\/the-vert-glace-thym-citron-bio-meneau\/#webpage","url":"https:\/\/soon-grill.com\/champs-elysees\/produit\/the-vert-glace-thym-citron-bio-meneau\/","name":"Th\u00e9 vert glac\u00e9 thym-citron BIO MENEAU - Soon Grill Champs Elys\u00e9es","isPartOf":{"@id":"https:\/\/soon-grill.com\/champs-elysees\/#website"},"primaryImageOfPage":{"@id":"https:\/\/soon-grill.com\/champs-elysees\/produit\/the-vert-glace-thym-citron-bio-meneau\/#primaryimage"},"datePublished":"2021-01-29T22:53:29+00:00","dateModified":"2021-01-29T22:53:29+00:00","breadcrumb":{"@id":"https:\/\/soon-grill.com\/champs-elysees\/produit\/the-vert-glace-thym-citron-bio-meneau\/#breadcrumb"},"inLanguage":"fr-FR","potentialAction":[{"@type":"ReadAction","target":["https:\/\/soon-grill.com\/champs-elysees\/produit\/the-vert-glace-thym-citron-bio-meneau\/"]}]},{"@type":"BreadcrumbList","@id":"https:\/\/soon-grill.com\/champs-elysees\/produit\/the-vert-glace-thym-citron-bio-meneau\/#breadcrumb","itemListElement":[{"@type":"ListItem","position":1,"name":"Accueil","item":"https:\/\/soon-grill.com\/champs-elysees\/"},{"@type":"ListItem","position":2,"name":""},{"@type":"ListItem","position":3,"name":"Th\u00e9 vert glac\u00e9 thym-citron BIO MENEAU"}]}]}},"_links":{"self":[{"href":"https:\/\/soon-grill.com\/champs-elysees\/wp-json\/wp\/v2\/product\/2640"}],"collection":[{"href":"https:\/\/soon-grill.com\/champs-elysees\/wp-json\/wp\/v2\/product"}],"about":[{"href":"https:\/\/soon-grill.com\/champs-elysees\/wp-json\/wp\/v2\/types\/product"}],"wp:featuredmedia":[{"embeddable":true,"href":"https:\/\/soon-grill.com\/champs-elysees\/wp-json\/wp\/v2\/media\/2641"}],"wp:attachment":[{"href":"https:\/\/soon-grill.com\/champs-elysees\/wp-json\/wp\/v2\/media?parent=2640"}],"wp:term":[{"taxonomy":"product_cat","embeddable":true,"href":"https:\/\/soon-grill.com\/champs-elysees\/wp-json\/wp\/v2\/product_cat?post=2640"},{"taxonomy":"product_tag","embeddable":true,"href":"https:\/\/soon-grill.com\/champs-elysees\/wp-json\/wp\/v2\/product_tag?post=2640"},{"taxonomy":"giftcard-category","embeddable":true,"href":"https:\/\/soon-grill.com\/champs-elysees\/wp-json\/wp\/v2\/giftcard-category?post=2640"}],"curies":[{"name":"wp","href":"https:\/\/api.w.org\/{rel}","templated":true}]}}