{"id":2791,"date":"2021-02-09T15:00:48","date_gmt":"2021-02-09T14:00:48","guid":{"rendered":"https:\/\/soon-grill.com\/champs-elysees\/?post_type=product&#038;p=2791"},"modified":"2021-03-01T11:03:56","modified_gmt":"2021-03-01T10:03:56","slug":"faux-filet-baviere-mature-21-jours-minimum","status":"publish","type":"product","link":"https:\/\/soon-grill.com\/champs-elysees\/produit\/faux-filet-baviere-mature-21-jours-minimum\/","title":{"rendered":"Menu Faux-filet Bavi\u00e8re Matur\u00e9 21 jours minimum"},"content":{"rendered":"","protected":false},"excerpt":{"rendered":"<p>Menu Barbecue Faux-filet Bavi\u00e8re matur\u00e9 21 jours<\/p>\n<ul>\n<li>avec du riz blanc<\/li>\n<li>4 accompagnements<\/li>\n<li>1 sauce SSAMJANG<\/li>\n<li>Salades d\u2019oignons + Sauce<\/li>\n<\/ul>\n","protected":false},"featured_media":1332,"template":"","meta":[],"product_cat":[21,20],"product_tag":[],"giftcard-category":[],"yoast_head":"<!-- This site is optimized with the Yoast SEO plugin v18.1 - https:\/\/yoast.com\/wordpress\/plugins\/seo\/ -->\n<title>Menu Faux-filet Bavi\u00e8re Matur\u00e9 21 jours minimum - Soon Grill Champs Elys\u00e9es<\/title>\n<meta name=\"description\" content=\"D\u00e9gustez notre barbecue cor\u00e9en de chez vous comme si vous \u00e9tiez au restaurant SOON GRILL - Vente \u00e0 emporter \/ Livraison \/ Click and collect \/ Faux-filet Bavi\u00e8re Matur\u00e9 21 jours\" \/>\n<meta name=\"robots\" content=\"index, follow, max-snippet:-1, max-image-preview:large, max-video-preview:-1\" \/>\n<link rel=\"canonical\" href=\"https:\/\/soon-grill.com\/champs-elysees\/produit\/faux-filet-baviere-mature-21-jours-minimum\/\" \/>\n<meta property=\"og:locale\" content=\"fr_FR\" \/>\n<meta property=\"og:type\" content=\"article\" \/>\n<meta property=\"og:title\" content=\"Menu Faux-filet Bavi\u00e8re Matur\u00e9 21 jours minimum - Soon Grill Champs Elys\u00e9es\" \/>\n<meta property=\"og:description\" content=\"D\u00e9gustez notre barbecue cor\u00e9en de chez vous comme si vous \u00e9tiez au restaurant SOON GRILL - Vente \u00e0 emporter \/ Livraison \/ Click and collect \/ Faux-filet Bavi\u00e8re Matur\u00e9 21 jours\" \/>\n<meta property=\"og:url\" content=\"https:\/\/soon-grill.com\/champs-elysees\/produit\/faux-filet-baviere-mature-21-jours-minimum\/\" \/>\n<meta property=\"og:site_name\" content=\"Soon Grill Champs Elys\u00e9es\" \/>\n<meta property=\"article:modified_time\" content=\"2021-03-01T10:03:56+00:00\" \/>\n<meta property=\"og:image\" content=\"https:\/\/soon-grill.com\/champs-elysees\/wp-content\/uploads\/sites\/3\/2021\/01\/fauxfilet.png\" \/>\n\t<meta property=\"og:image:width\" content=\"1200\" \/>\n\t<meta property=\"og:image:height\" content=\"1200\" \/>\n\t<meta property=\"og:image:type\" content=\"image\/png\" \/>\n<meta name=\"twitter:card\" content=\"summary_large_image\" \/>\n<script type=\"application\/ld+json\" class=\"yoast-schema-graph\">{\"@context\":\"https:\/\/schema.org\",\"@graph\":[{\"@type\":\"WebSite\",\"@id\":\"https:\/\/soon-grill.com\/champs-elysees\/#website\",\"url\":\"https:\/\/soon-grill.com\/champs-elysees\/\",\"name\":\"Soon Grill Champs Elys\u00e9es\",\"description\":\"Un site utilisant Multisite Soon Grill\",\"potentialAction\":[{\"@type\":\"SearchAction\",\"target\":{\"@type\":\"EntryPoint\",\"urlTemplate\":\"https:\/\/soon-grill.com\/champs-elysees\/?s={search_term_string}\"},\"query-input\":\"required name=search_term_string\"}],\"inLanguage\":\"fr-FR\"},{\"@type\":\"ImageObject\",\"@id\":\"https:\/\/soon-grill.com\/champs-elysees\/produit\/faux-filet-baviere-mature-21-jours-minimum\/#primaryimage\",\"inLanguage\":\"fr-FR\",\"url\":\"https:\/\/soon-grill.com\/champs-elysees\/wp-content\/uploads\/sites\/3\/2021\/01\/fauxfilet.png\",\"contentUrl\":\"https:\/\/soon-grill.com\/champs-elysees\/wp-content\/uploads\/sites\/3\/2021\/01\/fauxfilet.png\",\"width\":1200,\"height\":1200},{\"@type\":\"WebPage\",\"@id\":\"https:\/\/soon-grill.com\/champs-elysees\/produit\/faux-filet-baviere-mature-21-jours-minimum\/#webpage\",\"url\":\"https:\/\/soon-grill.com\/champs-elysees\/produit\/faux-filet-baviere-mature-21-jours-minimum\/\",\"name\":\"Menu Faux-filet Bavi\u00e8re Matur\u00e9 21 jours minimum - Soon Grill Champs Elys\u00e9es\",\"isPartOf\":{\"@id\":\"https:\/\/soon-grill.com\/champs-elysees\/#website\"},\"primaryImageOfPage\":{\"@id\":\"https:\/\/soon-grill.com\/champs-elysees\/produit\/faux-filet-baviere-mature-21-jours-minimum\/#primaryimage\"},\"datePublished\":\"2021-02-09T14:00:48+00:00\",\"dateModified\":\"2021-03-01T10:03:56+00:00\",\"description\":\"D\u00e9gustez notre barbecue cor\u00e9en de chez vous comme si vous \u00e9tiez au restaurant SOON GRILL - Vente \u00e0 emporter \/ Livraison \/ Click and collect \/ Faux-filet Bavi\u00e8re Matur\u00e9 21 jours\",\"breadcrumb\":{\"@id\":\"https:\/\/soon-grill.com\/champs-elysees\/produit\/faux-filet-baviere-mature-21-jours-minimum\/#breadcrumb\"},\"inLanguage\":\"fr-FR\",\"potentialAction\":[{\"@type\":\"ReadAction\",\"target\":[\"https:\/\/soon-grill.com\/champs-elysees\/produit\/faux-filet-baviere-mature-21-jours-minimum\/\"]}]},{\"@type\":\"BreadcrumbList\",\"@id\":\"https:\/\/soon-grill.com\/champs-elysees\/produit\/faux-filet-baviere-mature-21-jours-minimum\/#breadcrumb\",\"itemListElement\":[{\"@type\":\"ListItem\",\"position\":1,\"name\":\"Accueil\",\"item\":\"https:\/\/soon-grill.com\/champs-elysees\/\"},{\"@type\":\"ListItem\",\"position\":2,\"name\":\"\"},{\"@type\":\"ListItem\",\"position\":3,\"name\":\"Menu Faux-filet Bavi\u00e8re Matur\u00e9 21 jours minimum\"}]}]}<\/script>\n<!-- \/ Yoast SEO plugin. -->","yoast_head_json":{"title":"Menu Faux-filet Bavi\u00e8re Matur\u00e9 21 jours minimum - Soon Grill Champs Elys\u00e9es","description":"D\u00e9gustez notre barbecue cor\u00e9en de chez vous comme si vous \u00e9tiez au restaurant SOON GRILL - Vente \u00e0 emporter \/ Livraison \/ Click and collect \/ Faux-filet Bavi\u00e8re Matur\u00e9 21 jours","robots":{"index":"index","follow":"follow","max-snippet":"max-snippet:-1","max-image-preview":"max-image-preview:large","max-video-preview":"max-video-preview:-1"},"canonical":"https:\/\/soon-grill.com\/champs-elysees\/produit\/faux-filet-baviere-mature-21-jours-minimum\/","og_locale":"fr_FR","og_type":"article","og_title":"Menu Faux-filet Bavi\u00e8re Matur\u00e9 21 jours minimum - Soon Grill Champs Elys\u00e9es","og_description":"D\u00e9gustez notre barbecue cor\u00e9en de chez vous comme si vous \u00e9tiez au restaurant SOON GRILL - Vente \u00e0 emporter \/ Livraison \/ Click and collect \/ Faux-filet Bavi\u00e8re Matur\u00e9 21 jours","og_url":"https:\/\/soon-grill.com\/champs-elysees\/produit\/faux-filet-baviere-mature-21-jours-minimum\/","og_site_name":"Soon Grill Champs Elys\u00e9es","article_modified_time":"2021-03-01T10:03:56+00:00","og_image":[{"width":1200,"height":1200,"url":"https:\/\/soon-grill.com\/champs-elysees\/wp-content\/uploads\/sites\/3\/2021\/01\/fauxfilet.png","type":"image\/png"}],"twitter_card":"summary_large_image","schema":{"@context":"https:\/\/schema.org","@graph":[{"@type":"WebSite","@id":"https:\/\/soon-grill.com\/champs-elysees\/#website","url":"https:\/\/soon-grill.com\/champs-elysees\/","name":"Soon Grill Champs Elys\u00e9es","description":"Un site utilisant Multisite Soon Grill","potentialAction":[{"@type":"SearchAction","target":{"@type":"EntryPoint","urlTemplate":"https:\/\/soon-grill.com\/champs-elysees\/?s={search_term_string}"},"query-input":"required name=search_term_string"}],"inLanguage":"fr-FR"},{"@type":"ImageObject","@id":"https:\/\/soon-grill.com\/champs-elysees\/produit\/faux-filet-baviere-mature-21-jours-minimum\/#primaryimage","inLanguage":"fr-FR","url":"https:\/\/soon-grill.com\/champs-elysees\/wp-content\/uploads\/sites\/3\/2021\/01\/fauxfilet.png","contentUrl":"https:\/\/soon-grill.com\/champs-elysees\/wp-content\/uploads\/sites\/3\/2021\/01\/fauxfilet.png","width":1200,"height":1200},{"@type":"WebPage","@id":"https:\/\/soon-grill.com\/champs-elysees\/produit\/faux-filet-baviere-mature-21-jours-minimum\/#webpage","url":"https:\/\/soon-grill.com\/champs-elysees\/produit\/faux-filet-baviere-mature-21-jours-minimum\/","name":"Menu Faux-filet Bavi\u00e8re Matur\u00e9 21 jours minimum - Soon Grill Champs Elys\u00e9es","isPartOf":{"@id":"https:\/\/soon-grill.com\/champs-elysees\/#website"},"primaryImageOfPage":{"@id":"https:\/\/soon-grill.com\/champs-elysees\/produit\/faux-filet-baviere-mature-21-jours-minimum\/#primaryimage"},"datePublished":"2021-02-09T14:00:48+00:00","dateModified":"2021-03-01T10:03:56+00:00","description":"D\u00e9gustez notre barbecue cor\u00e9en de chez vous comme si vous \u00e9tiez au restaurant SOON GRILL - Vente \u00e0 emporter \/ Livraison \/ Click and collect \/ Faux-filet Bavi\u00e8re Matur\u00e9 21 jours","breadcrumb":{"@id":"https:\/\/soon-grill.com\/champs-elysees\/produit\/faux-filet-baviere-mature-21-jours-minimum\/#breadcrumb"},"inLanguage":"fr-FR","potentialAction":[{"@type":"ReadAction","target":["https:\/\/soon-grill.com\/champs-elysees\/produit\/faux-filet-baviere-mature-21-jours-minimum\/"]}]},{"@type":"BreadcrumbList","@id":"https:\/\/soon-grill.com\/champs-elysees\/produit\/faux-filet-baviere-mature-21-jours-minimum\/#breadcrumb","itemListElement":[{"@type":"ListItem","position":1,"name":"Accueil","item":"https:\/\/soon-grill.com\/champs-elysees\/"},{"@type":"ListItem","position":2,"name":""},{"@type":"ListItem","position":3,"name":"Menu Faux-filet Bavi\u00e8re Matur\u00e9 21 jours minimum"}]}]}},"_links":{"self":[{"href":"https:\/\/soon-grill.com\/champs-elysees\/wp-json\/wp\/v2\/product\/2791"}],"collection":[{"href":"https:\/\/soon-grill.com\/champs-elysees\/wp-json\/wp\/v2\/product"}],"about":[{"href":"https:\/\/soon-grill.com\/champs-elysees\/wp-json\/wp\/v2\/types\/product"}],"wp:featuredmedia":[{"embeddable":true,"href":"https:\/\/soon-grill.com\/champs-elysees\/wp-json\/wp\/v2\/media\/1332"}],"wp:attachment":[{"href":"https:\/\/soon-grill.com\/champs-elysees\/wp-json\/wp\/v2\/media?parent=2791"}],"wp:term":[{"taxonomy":"product_cat","embeddable":true,"href":"https:\/\/soon-grill.com\/champs-elysees\/wp-json\/wp\/v2\/product_cat?post=2791"},{"taxonomy":"product_tag","embeddable":true,"href":"https:\/\/soon-grill.com\/champs-elysees\/wp-json\/wp\/v2\/product_tag?post=2791"},{"taxonomy":"giftcard-category","embeddable":true,"href":"https:\/\/soon-grill.com\/champs-elysees\/wp-json\/wp\/v2\/giftcard-category?post=2791"}],"curies":[{"name":"wp","href":"https:\/\/api.w.org\/{rel}","templated":true}]}}