{"id":2840,"date":"2021-02-23T15:19:39","date_gmt":"2021-02-23T14:19:39","guid":{"rendered":"https:\/\/soon-grill.com\/champs-elysees\/?post_type=product&#038;p=2840"},"modified":"2021-05-18T16:49:47","modified_gmt":"2021-05-18T14:49:47","slug":"menu-porc-saute-a-la-sauce-piquante","status":"publish","type":"product","link":"https:\/\/soon-grill.com\/champs-elysees\/produit\/menu-porc-saute-a-la-sauce-piquante\/","title":{"rendered":"Menu Porc saut\u00e9 \u00e0 la sauce piquante"},"content":{"rendered":"","protected":false},"excerpt":{"rendered":"<p>Menu Bulbeak &#8211;\u00a0 Porc saut\u00e9 \u00e0 la sauce piquante<\/p>\n<ul>\n<li>Viande grill\u00e9e<\/li>\n<li>Riz blanc<\/li>\n<li>4 accompagnements<\/li>\n<\/ul>\n","protected":false},"featured_media":0,"template":"","meta":[],"product_cat":[35,20],"product_tag":[],"giftcard-category":[],"yoast_head":"<!-- This site is optimized with the Yoast SEO plugin v18.1 - https:\/\/yoast.com\/wordpress\/plugins\/seo\/ -->\n<title>Menu Porc saut\u00e9 \u00e0 la sauce piquante - Soon Grill Champs Elys\u00e9es<\/title>\n<meta name=\"robots\" content=\"index, follow, max-snippet:-1, max-image-preview:large, max-video-preview:-1\" \/>\n<link rel=\"canonical\" href=\"https:\/\/soon-grill.com\/champs-elysees\/produit\/menu-porc-saute-a-la-sauce-piquante\/\" \/>\n<meta property=\"og:locale\" content=\"fr_FR\" \/>\n<meta property=\"og:type\" content=\"article\" \/>\n<meta property=\"og:title\" content=\"Menu Porc saut\u00e9 \u00e0 la sauce piquante - Soon Grill Champs Elys\u00e9es\" \/>\n<meta property=\"og:description\" content=\"Menu Bulbeak -\u00a0 Porc saut\u00e9 \u00e0 la sauce piquante   Viande grill\u00e9e  Riz blanc  4 accompagnements\" \/>\n<meta property=\"og:url\" content=\"https:\/\/soon-grill.com\/champs-elysees\/produit\/menu-porc-saute-a-la-sauce-piquante\/\" \/>\n<meta property=\"og:site_name\" content=\"Soon Grill Champs Elys\u00e9es\" \/>\n<meta property=\"article:modified_time\" content=\"2021-05-18T14:49:47+00:00\" \/>\n<meta property=\"og:image\" content=\"https:\/\/soon-grill.com\/champs-elysees\/wp-content\/uploads\/sites\/3\/2021\/02\/porkbulbaek-b.png\" \/>\n\t<meta property=\"og:image:width\" content=\"1200\" \/>\n\t<meta property=\"og:image:height\" content=\"1200\" \/>\n\t<meta property=\"og:image:type\" content=\"image\/png\" \/>\n<meta name=\"twitter:card\" content=\"summary_large_image\" \/>\n<meta name=\"twitter:label1\" content=\"Dur\u00e9e de lecture estim\u00e9e\" \/>\n\t<meta name=\"twitter:data1\" content=\"1 minute\" \/>\n<script type=\"application\/ld+json\" class=\"yoast-schema-graph\">{\"@context\":\"https:\/\/schema.org\",\"@graph\":[{\"@type\":\"WebSite\",\"@id\":\"https:\/\/soon-grill.com\/champs-elysees\/#website\",\"url\":\"https:\/\/soon-grill.com\/champs-elysees\/\",\"name\":\"Soon Grill Champs Elys\u00e9es\",\"description\":\"Un site utilisant Multisite Soon Grill\",\"potentialAction\":[{\"@type\":\"SearchAction\",\"target\":{\"@type\":\"EntryPoint\",\"urlTemplate\":\"https:\/\/soon-grill.com\/champs-elysees\/?s={search_term_string}\"},\"query-input\":\"required name=search_term_string\"}],\"inLanguage\":\"fr-FR\"},{\"@type\":\"WebPage\",\"@id\":\"https:\/\/soon-grill.com\/champs-elysees\/produit\/menu-porc-saute-a-la-sauce-piquante\/#webpage\",\"url\":\"https:\/\/soon-grill.com\/champs-elysees\/produit\/menu-porc-saute-a-la-sauce-piquante\/\",\"name\":\"Menu Porc saut\u00e9 \u00e0 la sauce piquante - Soon Grill Champs Elys\u00e9es\",\"isPartOf\":{\"@id\":\"https:\/\/soon-grill.com\/champs-elysees\/#website\"},\"datePublished\":\"2021-02-23T14:19:39+00:00\",\"dateModified\":\"2021-05-18T14:49:47+00:00\",\"breadcrumb\":{\"@id\":\"https:\/\/soon-grill.com\/champs-elysees\/produit\/menu-porc-saute-a-la-sauce-piquante\/#breadcrumb\"},\"inLanguage\":\"fr-FR\",\"potentialAction\":[{\"@type\":\"ReadAction\",\"target\":[\"https:\/\/soon-grill.com\/champs-elysees\/produit\/menu-porc-saute-a-la-sauce-piquante\/\"]}]},{\"@type\":\"BreadcrumbList\",\"@id\":\"https:\/\/soon-grill.com\/champs-elysees\/produit\/menu-porc-saute-a-la-sauce-piquante\/#breadcrumb\",\"itemListElement\":[{\"@type\":\"ListItem\",\"position\":1,\"name\":\"Accueil\",\"item\":\"https:\/\/soon-grill.com\/champs-elysees\/\"},{\"@type\":\"ListItem\",\"position\":2,\"name\":\"\"},{\"@type\":\"ListItem\",\"position\":3,\"name\":\"Menu Porc saut\u00e9 \u00e0 la sauce piquante\"}]}]}<\/script>\n<!-- \/ Yoast SEO plugin. -->","yoast_head_json":{"title":"Menu Porc saut\u00e9 \u00e0 la sauce piquante - Soon Grill Champs Elys\u00e9es","robots":{"index":"index","follow":"follow","max-snippet":"max-snippet:-1","max-image-preview":"max-image-preview:large","max-video-preview":"max-video-preview:-1"},"canonical":"https:\/\/soon-grill.com\/champs-elysees\/produit\/menu-porc-saute-a-la-sauce-piquante\/","og_locale":"fr_FR","og_type":"article","og_title":"Menu Porc saut\u00e9 \u00e0 la sauce piquante - Soon Grill Champs Elys\u00e9es","og_description":"Menu Bulbeak -\u00a0 Porc saut\u00e9 \u00e0 la sauce piquante   Viande grill\u00e9e  Riz blanc  4 accompagnements","og_url":"https:\/\/soon-grill.com\/champs-elysees\/produit\/menu-porc-saute-a-la-sauce-piquante\/","og_site_name":"Soon Grill Champs Elys\u00e9es","article_modified_time":"2021-05-18T14:49:47+00:00","og_image":[{"width":1200,"height":1200,"url":"https:\/\/soon-grill.com\/champs-elysees\/wp-content\/uploads\/sites\/3\/2021\/02\/porkbulbaek-b.png","type":"image\/png"}],"twitter_card":"summary_large_image","twitter_misc":{"Dur\u00e9e de lecture estim\u00e9e":"1 minute"},"schema":{"@context":"https:\/\/schema.org","@graph":[{"@type":"WebSite","@id":"https:\/\/soon-grill.com\/champs-elysees\/#website","url":"https:\/\/soon-grill.com\/champs-elysees\/","name":"Soon Grill Champs Elys\u00e9es","description":"Un site utilisant Multisite Soon Grill","potentialAction":[{"@type":"SearchAction","target":{"@type":"EntryPoint","urlTemplate":"https:\/\/soon-grill.com\/champs-elysees\/?s={search_term_string}"},"query-input":"required name=search_term_string"}],"inLanguage":"fr-FR"},{"@type":"WebPage","@id":"https:\/\/soon-grill.com\/champs-elysees\/produit\/menu-porc-saute-a-la-sauce-piquante\/#webpage","url":"https:\/\/soon-grill.com\/champs-elysees\/produit\/menu-porc-saute-a-la-sauce-piquante\/","name":"Menu Porc saut\u00e9 \u00e0 la sauce piquante - Soon Grill Champs Elys\u00e9es","isPartOf":{"@id":"https:\/\/soon-grill.com\/champs-elysees\/#website"},"datePublished":"2021-02-23T14:19:39+00:00","dateModified":"2021-05-18T14:49:47+00:00","breadcrumb":{"@id":"https:\/\/soon-grill.com\/champs-elysees\/produit\/menu-porc-saute-a-la-sauce-piquante\/#breadcrumb"},"inLanguage":"fr-FR","potentialAction":[{"@type":"ReadAction","target":["https:\/\/soon-grill.com\/champs-elysees\/produit\/menu-porc-saute-a-la-sauce-piquante\/"]}]},{"@type":"BreadcrumbList","@id":"https:\/\/soon-grill.com\/champs-elysees\/produit\/menu-porc-saute-a-la-sauce-piquante\/#breadcrumb","itemListElement":[{"@type":"ListItem","position":1,"name":"Accueil","item":"https:\/\/soon-grill.com\/champs-elysees\/"},{"@type":"ListItem","position":2,"name":""},{"@type":"ListItem","position":3,"name":"Menu Porc saut\u00e9 \u00e0 la sauce piquante"}]}]}},"_links":{"self":[{"href":"https:\/\/soon-grill.com\/champs-elysees\/wp-json\/wp\/v2\/product\/2840"}],"collection":[{"href":"https:\/\/soon-grill.com\/champs-elysees\/wp-json\/wp\/v2\/product"}],"about":[{"href":"https:\/\/soon-grill.com\/champs-elysees\/wp-json\/wp\/v2\/types\/product"}],"wp:attachment":[{"href":"https:\/\/soon-grill.com\/champs-elysees\/wp-json\/wp\/v2\/media?parent=2840"}],"wp:term":[{"taxonomy":"product_cat","embeddable":true,"href":"https:\/\/soon-grill.com\/champs-elysees\/wp-json\/wp\/v2\/product_cat?post=2840"},{"taxonomy":"product_tag","embeddable":true,"href":"https:\/\/soon-grill.com\/champs-elysees\/wp-json\/wp\/v2\/product_tag?post=2840"},{"taxonomy":"giftcard-category","embeddable":true,"href":"https:\/\/soon-grill.com\/champs-elysees\/wp-json\/wp\/v2\/giftcard-category?post=2840"}],"curies":[{"name":"wp","href":"https:\/\/api.w.org\/{rel}","templated":true}]}}